{"id":36755,"date":"2024-11-04T10:31:13","date_gmt":"2024-11-04T16:31:13","guid":{"rendered":"https:\/\/tonala.gob.mx\/portal\/?page_id=36755"},"modified":"2025-10-17T15:36:19","modified_gmt":"2025-10-17T21:36:19","slug":"normatividad","status":"publish","type":"page","link":"https:\/\/tonala.gob.mx\/portal\/normatividad\/","title":{"rendered":"NORMATIVIDAD"},"content":{"rendered":"\n<p class=\"has-medium-font-size\"><a href=\"https:\/\/portal-transparencia.tonala.gob.mx\/wp-content\/uploads\/2024\/10\/ACUERDO-1173-REGLAMENTO-DEL-GOBIERNO-Y-LA-ADMINISTRACION-PUBLICA-DEL-AYUNTAMIENTO-CONSTITUCIONAL-DE-TONALA-JALISCO.docx\"><strong>Reglamento del Gobierno y la Administraci\u00f3n P\u00fablica del Ayuntamiento Constitucional de Tonal\u00e1, jalisco 2024 \u2013 2027<\/strong><\/a><\/p>\n\n\n\n<p><strong><a href=\"https:\/\/tonala.gob.mx\/portal\/wp-content\/uploads\/2025\/10\/Prevencion-de-la-violencia-TNL-22-24.pdf\">Programa Municipal de Prevenci\u00f3n Social de las Violencias y la Delincuencia de Tonal\u00e1, Jalisco<\/a><\/strong><\/p>\n\n\n\n<p><\/p>\n","protected":false},"excerpt":{"rendered":"<p>Reglamento del Gobierno y la Administraci\u00f3n P\u00fablica del Ayuntamiento Constitucional de Tonal\u00e1, jalisco 2024 \u2013 2027 Programa Municipal de Prevenci\u00f3n<\/p>\n","protected":false},"author":2,"featured_media":0,"parent":0,"menu_order":0,"comment_status":"closed","ping_status":"closed","template":"","meta":{"colormag_page_container_layout":"no_sidebar_full_width","colormag_page_sidebar_layout":"no_sidebar","footnotes":""},"class_list":["post-36755","page","type-page","status-publish","hentry"],"_links":{"self":[{"href":"https:\/\/tonala.gob.mx\/portal\/wp-json\/wp\/v2\/pages\/36755","targetHints":{"allow":["GET"]}}],"collection":[{"href":"https:\/\/tonala.gob.mx\/portal\/wp-json\/wp\/v2\/pages"}],"about":[{"href":"https:\/\/tonala.gob.mx\/portal\/wp-json\/wp\/v2\/types\/page"}],"author":[{"embeddable":true,"href":"https:\/\/tonala.gob.mx\/portal\/wp-json\/wp\/v2\/users\/2"}],"replies":[{"embeddable":true,"href":"https:\/\/tonala.gob.mx\/portal\/wp-json\/wp\/v2\/comments?post=36755"}],"version-history":[{"count":5,"href":"https:\/\/tonala.gob.mx\/portal\/wp-json\/wp\/v2\/pages\/36755\/revisions"}],"predecessor-version":[{"id":38072,"href":"https:\/\/tonala.gob.mx\/portal\/wp-json\/wp\/v2\/pages\/36755\/revisions\/38072"}],"wp:attachment":[{"href":"https:\/\/tonala.gob.mx\/portal\/wp-json\/wp\/v2\/media?parent=36755"}],"curies":[{"name":"wp","href":"https:\/\/api.w.org\/{rel}","templated":true}]}}