{"id":36012,"date":"2024-10-01T16:53:40","date_gmt":"2024-10-01T22:53:40","guid":{"rendered":"https:\/\/tonala.gob.mx\/portal\/?page_id=36012"},"modified":"2024-11-20T12:22:28","modified_gmt":"2024-11-20T18:22:28","slug":"regidor-edgar-lopez","status":"publish","type":"page","link":"https:\/\/tonala.gob.mx\/portal\/regidor-edgar-lopez\/","title":{"rendered":"EDGAR JOS\u00c9 MIGUEL L\u00d3PEZ JARAMILLO"},"content":{"rendered":"\n<div class=\"wp-block-columns is-layout-flex wp-container-core-columns-is-layout-28f84493 wp-block-columns-is-layout-flex\">\n<div class=\"wp-block-column is-layout-flow wp-block-column-is-layout-flow\">\n<figure class=\"wp-block-image size-large is-resized\"><img fetchpriority=\"high\" decoding=\"async\" width=\"2560\" height=\"2560\" src=\"https:\/\/tonala.gob.mx\/portal\/wp-content\/uploads\/2024\/10\/EDGAR-JOSE-MIGUEL-LOPEZ-JARAMILLO-edited-scaled.jpeg\" alt=\"\" class=\"wp-image-36192\" style=\"width:558px;height:auto\" srcset=\"https:\/\/tonala.gob.mx\/portal\/wp-content\/uploads\/2024\/10\/EDGAR-JOSE-MIGUEL-LOPEZ-JARAMILLO-edited-scaled.jpeg 2560w, https:\/\/tonala.gob.mx\/portal\/wp-content\/uploads\/2024\/10\/EDGAR-JOSE-MIGUEL-LOPEZ-JARAMILLO-edited-300x300.jpeg 300w, https:\/\/tonala.gob.mx\/portal\/wp-content\/uploads\/2024\/10\/EDGAR-JOSE-MIGUEL-LOPEZ-JARAMILLO-edited-1024x1024.jpeg 1024w, https:\/\/tonala.gob.mx\/portal\/wp-content\/uploads\/2024\/10\/EDGAR-JOSE-MIGUEL-LOPEZ-JARAMILLO-edited-150x150.jpeg 150w, https:\/\/tonala.gob.mx\/portal\/wp-content\/uploads\/2024\/10\/EDGAR-JOSE-MIGUEL-LOPEZ-JARAMILLO-edited-768x768.jpeg 768w, https:\/\/tonala.gob.mx\/portal\/wp-content\/uploads\/2024\/10\/EDGAR-JOSE-MIGUEL-LOPEZ-JARAMILLO-edited-1536x1536.jpeg 1536w, https:\/\/tonala.gob.mx\/portal\/wp-content\/uploads\/2024\/10\/EDGAR-JOSE-MIGUEL-LOPEZ-JARAMILLO-edited-2048x2048.jpeg 2048w\" sizes=\"(max-width: 2560px) 100vw, 2560px\" \/><\/figure>\n\n\n\n<figure class=\"wp-block-image size-large\"><img decoding=\"async\" width=\"1024\" height=\"242\" src=\"https:\/\/tonala.gob.mx\/portal\/wp-content\/uploads\/2024\/10\/PAN-TONALA-1024x242.png\" alt=\"\" class=\"wp-image-36190\" srcset=\"https:\/\/tonala.gob.mx\/portal\/wp-content\/uploads\/2024\/10\/PAN-TONALA-1024x242.png 1024w, https:\/\/tonala.gob.mx\/portal\/wp-content\/uploads\/2024\/10\/PAN-TONALA-300x71.png 300w, https:\/\/tonala.gob.mx\/portal\/wp-content\/uploads\/2024\/10\/PAN-TONALA-768x182.png 768w, https:\/\/tonala.gob.mx\/portal\/wp-content\/uploads\/2024\/10\/PAN-TONALA.png 1200w\" sizes=\"(max-width: 1024px) 100vw, 1024px\" \/><\/figure>\n<\/div>\n\n\n\n<div class=\"wp-block-column is-layout-flow wp-block-column-is-layout-flow\">\n<p>Sala \u201cD\u201d de Regidores<\/p>\n\n\n\n<p>Hidalgo #21 Colonia Tonal\u00e1 Centro, CP .45400<\/p>\n\n\n\n<p>3335866000 EXT 1062, 1063<\/p>\n\n\n\n<p>Correo electr\u00f3nico &nbsp;reg.edgarlopez@tonala.gob.mx<br><br>Curriculum<\/p>\n\n\n\n<p><a href=\"https:\/\/portal-transparencia.tonala.gob.mx\/agenda-oficial-regidor-lic-edgar-jose-miguel-lopez-jaramillo\/\">Agenda<\/a><\/p>\n\n\n\n<p>Regidor presidente de la comisi\u00f3n edilicia de Festividades c\u00edvicas, espect\u00e1culos p\u00fablicos y cr\u00f3nica municipal.<\/p>\n\n\n\n<p>Vocal: Bienestar, desarrollo, asistencia social y familiar.<\/p>\n\n\n\n<p>Vocal: Seguridad y prevenci\u00f3n ciudadana.<\/p>\n\n\n\n<p>Vocal: Cultura, educaci\u00f3n, e innovaci\u00f3n tecnol\u00f3gica.<\/p>\n\n\n\n<p>Vocal: Movilidad y transporte.<\/p>\n\n\n\n<p>Vocal: Planeaci\u00f3n para el desarrollo urbano, rural y habitaci\u00f3n popular.<\/p>\n<\/div>\n<\/div>\n\n\n\n<p><\/p>\n","protected":false},"excerpt":{"rendered":"<p>Sala \u201cD\u201d de Regidores Hidalgo #21 Colonia Tonal\u00e1 Centro, CP .45400 3335866000 EXT 1062, 1063 Correo electr\u00f3nico &nbsp;reg.edgarlopez@tonala.gob.mx Curriculum Agenda<\/p>\n","protected":false},"author":2,"featured_media":0,"parent":0,"menu_order":0,"comment_status":"closed","ping_status":"closed","template":"","meta":{"colormag_page_container_layout":"default_layout","colormag_page_sidebar_layout":"default_layout","footnotes":""},"class_list":["post-36012","page","type-page","status-publish","hentry"],"_links":{"self":[{"href":"https:\/\/tonala.gob.mx\/portal\/wp-json\/wp\/v2\/pages\/36012","targetHints":{"allow":["GET"]}}],"collection":[{"href":"https:\/\/tonala.gob.mx\/portal\/wp-json\/wp\/v2\/pages"}],"about":[{"href":"https:\/\/tonala.gob.mx\/portal\/wp-json\/wp\/v2\/types\/page"}],"author":[{"embeddable":true,"href":"https:\/\/tonala.gob.mx\/portal\/wp-json\/wp\/v2\/users\/2"}],"replies":[{"embeddable":true,"href":"https:\/\/tonala.gob.mx\/portal\/wp-json\/wp\/v2\/comments?post=36012"}],"version-history":[{"count":10,"href":"https:\/\/tonala.gob.mx\/portal\/wp-json\/wp\/v2\/pages\/36012\/revisions"}],"predecessor-version":[{"id":36971,"href":"https:\/\/tonala.gob.mx\/portal\/wp-json\/wp\/v2\/pages\/36012\/revisions\/36971"}],"wp:attachment":[{"href":"https:\/\/tonala.gob.mx\/portal\/wp-json\/wp\/v2\/media?parent=36012"}],"curies":[{"name":"wp","href":"https:\/\/api.w.org\/{rel}","templated":true}]}}