{"id":36007,"date":"2024-10-01T16:50:36","date_gmt":"2024-10-01T22:50:36","guid":{"rendered":"https:\/\/tonala.gob.mx\/portal\/?page_id=36007"},"modified":"2024-11-20T10:51:22","modified_gmt":"2024-11-20T16:51:22","slug":"regidor-gerardo-esquivias","status":"publish","type":"page","link":"https:\/\/tonala.gob.mx\/portal\/regidor-gerardo-esquivias\/","title":{"rendered":"CESAR GERARDO ESQUIVIAS GARDU\u00d1O"},"content":{"rendered":"\n<div class=\"wp-block-columns is-layout-flex wp-container-core-columns-is-layout-28f84493 wp-block-columns-is-layout-flex\">\n<div class=\"wp-block-column is-layout-flow wp-block-column-is-layout-flow\">\n<figure class=\"wp-block-image size-full\"><img fetchpriority=\"high\" decoding=\"async\" width=\"2560\" height=\"2560\" src=\"https:\/\/tonala.gob.mx\/portal\/wp-content\/uploads\/2024\/10\/CESAR-GERARDO-ESQUIVIAS-GARDUNO-edited-scaled.jpeg\" alt=\"\" class=\"wp-image-36241\" srcset=\"https:\/\/tonala.gob.mx\/portal\/wp-content\/uploads\/2024\/10\/CESAR-GERARDO-ESQUIVIAS-GARDUNO-edited-scaled.jpeg 2560w, https:\/\/tonala.gob.mx\/portal\/wp-content\/uploads\/2024\/10\/CESAR-GERARDO-ESQUIVIAS-GARDUNO-edited-300x300.jpeg 300w, https:\/\/tonala.gob.mx\/portal\/wp-content\/uploads\/2024\/10\/CESAR-GERARDO-ESQUIVIAS-GARDUNO-edited-1024x1024.jpeg 1024w, https:\/\/tonala.gob.mx\/portal\/wp-content\/uploads\/2024\/10\/CESAR-GERARDO-ESQUIVIAS-GARDUNO-edited-150x150.jpeg 150w, https:\/\/tonala.gob.mx\/portal\/wp-content\/uploads\/2024\/10\/CESAR-GERARDO-ESQUIVIAS-GARDUNO-edited-768x768.jpeg 768w, https:\/\/tonala.gob.mx\/portal\/wp-content\/uploads\/2024\/10\/CESAR-GERARDO-ESQUIVIAS-GARDUNO-edited-1536x1536.jpeg 1536w, https:\/\/tonala.gob.mx\/portal\/wp-content\/uploads\/2024\/10\/CESAR-GERARDO-ESQUIVIAS-GARDUNO-edited-2048x2048.jpeg 2048w\" sizes=\"(max-width: 2560px) 100vw, 2560px\" \/><\/figure>\n\n\n\n<figure class=\"wp-block-image size-large\"><img decoding=\"async\" width=\"1024\" height=\"188\" src=\"https:\/\/tonala.gob.mx\/portal\/wp-content\/uploads\/2024\/10\/Morena_Party_Mexico.svg_-1024x188.png\" alt=\"\" class=\"wp-image-36181\" srcset=\"https:\/\/tonala.gob.mx\/portal\/wp-content\/uploads\/2024\/10\/Morena_Party_Mexico.svg_-1024x188.png 1024w, https:\/\/tonala.gob.mx\/portal\/wp-content\/uploads\/2024\/10\/Morena_Party_Mexico.svg_-300x55.png 300w, https:\/\/tonala.gob.mx\/portal\/wp-content\/uploads\/2024\/10\/Morena_Party_Mexico.svg_-768x141.png 768w, https:\/\/tonala.gob.mx\/portal\/wp-content\/uploads\/2024\/10\/Morena_Party_Mexico.svg_-1536x281.png 1536w, https:\/\/tonala.gob.mx\/portal\/wp-content\/uploads\/2024\/10\/Morena_Party_Mexico.svg_-2048x375.png 2048w\" sizes=\"(max-width: 1024px) 100vw, 1024px\" \/><\/figure>\n<\/div>\n\n\n\n<div class=\"wp-block-column is-layout-flow wp-block-column-is-layout-flow\">\n<p>Sala \u201cB\u201d de Regidores <\/p>\n\n\n\n<p>Hidalgo #21 Colonia Tonal\u00e1 Centro, CP .45400<\/p>\n\n\n\n<p>3335866000 EXT<\/p>\n\n\n\n<p>Correo electr\u00f3nico &nbsp;reg.gerardoesquivias@tonala.gob.mx<br><br>Curriculum<\/p>\n\n\n\n<p><a href=\"https:\/\/portal-transparencia.tonala.gob.mx\/agenda-oficial-regidor-lic-cesar-gerardo-esquivias-garduno\/\" data-type=\"link\" data-id=\"https:\/\/portal-transparencia.tonala.gob.mx\/agenda-oficial-regidor-lic-cesar-gerardo-esquivias-garduno\/\">Agenda<\/a><\/p>\n\n\n\n<p>Regidor presidente de la comisi\u00f3n edilicia de Seguridad y prevenci\u00f3n ciudadana.<\/p>\n\n\n\n<p>Vocal: Administraci\u00f3n, transparencia, rendici\u00f3n de cuentas, combate a la corrupci\u00f3n y recursos humanos.<\/p>\n\n\n\n<p>Vocal: Medio ambiente, ecolog\u00eda, saneamiento, acci\u00f3n contra la contaminaci\u00f3n y cambio clim\u00e1tico.<\/p>\n\n\n\n<p>Vocal: Protecci\u00f3n civil y bomberos.<\/p>\n\n\n\n<p>Vocal: Gobierno digital y promoci\u00f3n de la ciudad.<\/p>\n\n\n\n<p><\/p>\n<\/div>\n<\/div>\n\n\n\n<p><\/p>\n","protected":false},"excerpt":{"rendered":"<p>Sala \u201cB\u201d de Regidores Hidalgo #21 Colonia Tonal\u00e1 Centro, CP .45400 3335866000 EXT Correo electr\u00f3nico &nbsp;reg.gerardoesquivias@tonala.gob.mx Curriculum Agenda Regidor presidente<\/p>\n","protected":false},"author":2,"featured_media":0,"parent":0,"menu_order":0,"comment_status":"closed","ping_status":"closed","template":"","meta":{"colormag_page_container_layout":"default_layout","colormag_page_sidebar_layout":"default_layout","footnotes":""},"class_list":["post-36007","page","type-page","status-publish","hentry"],"_links":{"self":[{"href":"https:\/\/tonala.gob.mx\/portal\/wp-json\/wp\/v2\/pages\/36007","targetHints":{"allow":["GET"]}}],"collection":[{"href":"https:\/\/tonala.gob.mx\/portal\/wp-json\/wp\/v2\/pages"}],"about":[{"href":"https:\/\/tonala.gob.mx\/portal\/wp-json\/wp\/v2\/types\/page"}],"author":[{"embeddable":true,"href":"https:\/\/tonala.gob.mx\/portal\/wp-json\/wp\/v2\/users\/2"}],"replies":[{"embeddable":true,"href":"https:\/\/tonala.gob.mx\/portal\/wp-json\/wp\/v2\/comments?post=36007"}],"version-history":[{"count":6,"href":"https:\/\/tonala.gob.mx\/portal\/wp-json\/wp\/v2\/pages\/36007\/revisions"}],"predecessor-version":[{"id":36969,"href":"https:\/\/tonala.gob.mx\/portal\/wp-json\/wp\/v2\/pages\/36007\/revisions\/36969"}],"wp:attachment":[{"href":"https:\/\/tonala.gob.mx\/portal\/wp-json\/wp\/v2\/media?parent=36007"}],"curies":[{"name":"wp","href":"https:\/\/api.w.org\/{rel}","templated":true}]}}