{"id":35977,"date":"2024-10-01T16:27:03","date_gmt":"2024-10-01T22:27:03","guid":{"rendered":"https:\/\/tonala.gob.mx\/portal\/?page_id=35977"},"modified":"2025-02-12T11:37:31","modified_gmt":"2025-02-12T17:37:31","slug":"regidora-magaly-figueroa","status":"publish","type":"page","link":"https:\/\/tonala.gob.mx\/portal\/regidora-magaly-figueroa\/","title":{"rendered":"MAGALY FIGUEROA L\u00d3PEZ"},"content":{"rendered":"\n<div class=\"wp-block-columns is-layout-flex wp-container-core-columns-is-layout-28f84493 wp-block-columns-is-layout-flex\">\n<div class=\"wp-block-column is-layout-flow wp-block-column-is-layout-flow\">\n<figure class=\"wp-block-image size-full\"><img fetchpriority=\"high\" decoding=\"async\" width=\"2560\" height=\"2560\" src=\"https:\/\/tonala.gob.mx\/portal\/wp-content\/uploads\/2024\/10\/MAGALY-FIGUEROA-LOPEZ-edited-scaled.jpeg\" alt=\"\" class=\"wp-image-36226\" srcset=\"https:\/\/tonala.gob.mx\/portal\/wp-content\/uploads\/2024\/10\/MAGALY-FIGUEROA-LOPEZ-edited-scaled.jpeg 2560w, https:\/\/tonala.gob.mx\/portal\/wp-content\/uploads\/2024\/10\/MAGALY-FIGUEROA-LOPEZ-edited-300x300.jpeg 300w, https:\/\/tonala.gob.mx\/portal\/wp-content\/uploads\/2024\/10\/MAGALY-FIGUEROA-LOPEZ-edited-1024x1024.jpeg 1024w, https:\/\/tonala.gob.mx\/portal\/wp-content\/uploads\/2024\/10\/MAGALY-FIGUEROA-LOPEZ-edited-150x150.jpeg 150w, https:\/\/tonala.gob.mx\/portal\/wp-content\/uploads\/2024\/10\/MAGALY-FIGUEROA-LOPEZ-edited-768x768.jpeg 768w, https:\/\/tonala.gob.mx\/portal\/wp-content\/uploads\/2024\/10\/MAGALY-FIGUEROA-LOPEZ-edited-1536x1536.jpeg 1536w, https:\/\/tonala.gob.mx\/portal\/wp-content\/uploads\/2024\/10\/MAGALY-FIGUEROA-LOPEZ-edited-2048x2048.jpeg 2048w\" sizes=\"(max-width: 2560px) 100vw, 2560px\" \/><\/figure>\n\n\n\n<figure class=\"wp-block-image size-large\"><img decoding=\"async\" width=\"1024\" height=\"327\" src=\"https:\/\/tonala.gob.mx\/portal\/wp-content\/uploads\/2024\/10\/MC-TONALA-1024x327.png\" alt=\"\" class=\"wp-image-36198\" srcset=\"https:\/\/tonala.gob.mx\/portal\/wp-content\/uploads\/2024\/10\/MC-TONALA-1024x327.png 1024w, https:\/\/tonala.gob.mx\/portal\/wp-content\/uploads\/2024\/10\/MC-TONALA-300x96.png 300w, https:\/\/tonala.gob.mx\/portal\/wp-content\/uploads\/2024\/10\/MC-TONALA-768x245.png 768w, https:\/\/tonala.gob.mx\/portal\/wp-content\/uploads\/2024\/10\/MC-TONALA.png 1280w\" sizes=\"(max-width: 1024px) 100vw, 1024px\" \/><\/figure>\n<\/div>\n\n\n\n<div class=\"wp-block-column is-layout-flow wp-block-column-is-layout-flow\">\n<p><strong>Sala \u201cC\u201d de Regidores<\/strong><br><br>Hidalgo #21 Colonia Tonal\u00e1 Centro, CP .45400<br><br>3335866000 EXT.1046<br><br><strong>Correo electr\u00f3nico: &nbsp;<\/strong><br>reg.figueroamagaly@tonala.gob.mx<br><br><a href=\"https:\/\/tonala.gob.mx\/portal\/wp-content\/uploads\/2024\/12\/MAGALY-FIGUEROA-LOPEZ.pdf\">Curriculum<\/a><\/p>\n\n\n\n<p><a href=\"https:\/\/portal-transparencia.tonala.gob.mx\/agenda-oficial-regidora-abogada-magaly-figueroa-lopez\/\">Agenda<\/a><br><br>Regidora presidenta de la comisi\u00f3n edilicia de Fomento artesanal, turismo y desarrollo econ\u00f3mico.<br><br>Vocal: Bienestar, desarrollo, asistencia social y familiar.<br><br>Vocal: Seguridad y prevenci\u00f3n ciudadana.<br><br>Vocal: Igualdad sustantiva y derechos humanos.<\/p>\n\n\n\n<p><\/p>\n\n\n\n<p><\/p>\n\n\n\n<p><\/p>\n<\/div>\n<\/div>\n\n\n\n<p><\/p>\n","protected":false},"excerpt":{"rendered":"<p>Sala \u201cC\u201d de Regidores Hidalgo #21 Colonia Tonal\u00e1 Centro, CP .45400 3335866000 EXT.1046 Correo electr\u00f3nico: &nbsp;reg.figueroamagaly@tonala.gob.mx Curriculum Agenda Regidora presidenta<\/p>\n","protected":false},"author":2,"featured_media":0,"parent":0,"menu_order":0,"comment_status":"closed","ping_status":"closed","template":"","meta":{"colormag_page_container_layout":"default_layout","colormag_page_sidebar_layout":"default_layout","footnotes":""},"class_list":["post-35977","page","type-page","status-publish","hentry"],"_links":{"self":[{"href":"https:\/\/tonala.gob.mx\/portal\/wp-json\/wp\/v2\/pages\/35977","targetHints":{"allow":["GET"]}}],"collection":[{"href":"https:\/\/tonala.gob.mx\/portal\/wp-json\/wp\/v2\/pages"}],"about":[{"href":"https:\/\/tonala.gob.mx\/portal\/wp-json\/wp\/v2\/types\/page"}],"author":[{"embeddable":true,"href":"https:\/\/tonala.gob.mx\/portal\/wp-json\/wp\/v2\/users\/2"}],"replies":[{"embeddable":true,"href":"https:\/\/tonala.gob.mx\/portal\/wp-json\/wp\/v2\/comments?post=35977"}],"version-history":[{"count":9,"href":"https:\/\/tonala.gob.mx\/portal\/wp-json\/wp\/v2\/pages\/35977\/revisions"}],"predecessor-version":[{"id":37296,"href":"https:\/\/tonala.gob.mx\/portal\/wp-json\/wp\/v2\/pages\/35977\/revisions\/37296"}],"wp:attachment":[{"href":"https:\/\/tonala.gob.mx\/portal\/wp-json\/wp\/v2\/media?parent=35977"}],"curies":[{"name":"wp","href":"https:\/\/api.w.org\/{rel}","templated":true}]}}