{"id":35972,"date":"2024-10-01T16:22:47","date_gmt":"2024-10-01T22:22:47","guid":{"rendered":"https:\/\/tonala.gob.mx\/portal\/?page_id=35972"},"modified":"2024-11-20T10:43:37","modified_gmt":"2024-11-20T16:43:37","slug":"regidora-engracia-garcia","status":"publish","type":"page","link":"https:\/\/tonala.gob.mx\/portal\/regidora-engracia-garcia\/","title":{"rendered":"MARIA ENGRACIA GARC\u00cdA PALOMAR"},"content":{"rendered":"\n<div class=\"wp-block-columns is-layout-flex wp-container-core-columns-is-layout-28f84493 wp-block-columns-is-layout-flex\">\n<div class=\"wp-block-column is-layout-flow wp-block-column-is-layout-flow\">\n<figure class=\"wp-block-image size-full\"><img fetchpriority=\"high\" decoding=\"async\" width=\"2560\" height=\"2560\" src=\"https:\/\/tonala.gob.mx\/portal\/wp-content\/uploads\/2024\/10\/ENGRACIA-GARCIA-PALOMAR-edited-scaled.jpeg\" alt=\"\" class=\"wp-image-36222\" srcset=\"https:\/\/tonala.gob.mx\/portal\/wp-content\/uploads\/2024\/10\/ENGRACIA-GARCIA-PALOMAR-edited-scaled.jpeg 2560w, https:\/\/tonala.gob.mx\/portal\/wp-content\/uploads\/2024\/10\/ENGRACIA-GARCIA-PALOMAR-edited-300x300.jpeg 300w, https:\/\/tonala.gob.mx\/portal\/wp-content\/uploads\/2024\/10\/ENGRACIA-GARCIA-PALOMAR-edited-1024x1024.jpeg 1024w, https:\/\/tonala.gob.mx\/portal\/wp-content\/uploads\/2024\/10\/ENGRACIA-GARCIA-PALOMAR-edited-150x150.jpeg 150w, https:\/\/tonala.gob.mx\/portal\/wp-content\/uploads\/2024\/10\/ENGRACIA-GARCIA-PALOMAR-edited-768x768.jpeg 768w, https:\/\/tonala.gob.mx\/portal\/wp-content\/uploads\/2024\/10\/ENGRACIA-GARCIA-PALOMAR-edited-1536x1536.jpeg 1536w, https:\/\/tonala.gob.mx\/portal\/wp-content\/uploads\/2024\/10\/ENGRACIA-GARCIA-PALOMAR-edited-2048x2048.jpeg 2048w\" sizes=\"(max-width: 2560px) 100vw, 2560px\" \/><\/figure>\n\n\n\n<figure class=\"wp-block-image size-large\"><img decoding=\"async\" width=\"1024\" height=\"242\" src=\"https:\/\/tonala.gob.mx\/portal\/wp-content\/uploads\/2024\/10\/PAN-TONALA-1024x242.png\" alt=\"\" class=\"wp-image-36190\" srcset=\"https:\/\/tonala.gob.mx\/portal\/wp-content\/uploads\/2024\/10\/PAN-TONALA-1024x242.png 1024w, https:\/\/tonala.gob.mx\/portal\/wp-content\/uploads\/2024\/10\/PAN-TONALA-300x71.png 300w, https:\/\/tonala.gob.mx\/portal\/wp-content\/uploads\/2024\/10\/PAN-TONALA-768x182.png 768w, https:\/\/tonala.gob.mx\/portal\/wp-content\/uploads\/2024\/10\/PAN-TONALA.png 1200w\" sizes=\"(max-width: 1024px) 100vw, 1024px\" \/><\/figure>\n<\/div>\n\n\n\n<div class=\"wp-block-column is-layout-flow wp-block-column-is-layout-flow\">\n<p><strong>Sala \u201cD\u201d de Regidores<\/strong><br><br>Hidalgo #21 Colonia Tonal\u00e1 Centro, CP .45400<br><br>3335866000 EXT. 1064<br><br><strong>Correo electr\u00f3nico<\/strong>:<br>reg.engranciagarcia@tonala.gob.mx<\/p>\n\n\n\n<p>Curriculum<\/p>\n\n\n\n<p><a href=\"https:\/\/portal-transparencia.tonala.gob.mx\/agenda-oficial-regidora-l-e-p-ma-engracia-garcia-palomar\/\">Agenda<\/a><\/p>\n\n\n\n<p><br>Regidora presidenta de la comisi\u00f3n edilicia de Protecci\u00f3n civil y bomberos.<br><br>Vocal: Administraci\u00f3n, transparencia, rendici\u00f3n de cuentas, combate de a la corrupci\u00f3n y recursos humanos.<br><br>Vocal: Festividades c\u00edvicas, espect\u00e1culos p\u00fablicos y cr\u00f3nica municipal.<br><br>Vocal: Medio ambiente, ecolog\u00eda, saneamiento, acci\u00f3n contra la contaminaci\u00f3n y cambio clim\u00e1tico.<\/p>\n\n\n\n<p><\/p>\n\n\n\n<p><\/p>\n\n\n\n<p><\/p>\n<\/div>\n<\/div>\n\n\n\n<p><\/p>\n","protected":false},"excerpt":{"rendered":"<p>Sala \u201cD\u201d de Regidores Hidalgo #21 Colonia Tonal\u00e1 Centro, CP .45400 3335866000 EXT. 1064 Correo electr\u00f3nico:reg.engranciagarcia@tonala.gob.mx Curriculum Agenda Regidora presidenta<\/p>\n","protected":false},"author":2,"featured_media":0,"parent":0,"menu_order":0,"comment_status":"closed","ping_status":"closed","template":"","meta":{"colormag_page_container_layout":"default_layout","colormag_page_sidebar_layout":"default_layout","footnotes":""},"class_list":["post-35972","page","type-page","status-publish","hentry"],"_links":{"self":[{"href":"https:\/\/tonala.gob.mx\/portal\/wp-json\/wp\/v2\/pages\/35972","targetHints":{"allow":["GET"]}}],"collection":[{"href":"https:\/\/tonala.gob.mx\/portal\/wp-json\/wp\/v2\/pages"}],"about":[{"href":"https:\/\/tonala.gob.mx\/portal\/wp-json\/wp\/v2\/types\/page"}],"author":[{"embeddable":true,"href":"https:\/\/tonala.gob.mx\/portal\/wp-json\/wp\/v2\/users\/2"}],"replies":[{"embeddable":true,"href":"https:\/\/tonala.gob.mx\/portal\/wp-json\/wp\/v2\/comments?post=35972"}],"version-history":[{"count":9,"href":"https:\/\/tonala.gob.mx\/portal\/wp-json\/wp\/v2\/pages\/35972\/revisions"}],"predecessor-version":[{"id":36962,"href":"https:\/\/tonala.gob.mx\/portal\/wp-json\/wp\/v2\/pages\/35972\/revisions\/36962"}],"wp:attachment":[{"href":"https:\/\/tonala.gob.mx\/portal\/wp-json\/wp\/v2\/media?parent=35972"}],"curies":[{"name":"wp","href":"https:\/\/api.w.org\/{rel}","templated":true}]}}