{"id":35967,"date":"2024-10-01T16:18:42","date_gmt":"2024-10-01T22:18:42","guid":{"rendered":"https:\/\/tonala.gob.mx\/portal\/?page_id=35967"},"modified":"2024-11-20T10:41:37","modified_gmt":"2024-11-20T16:41:37","slug":"regidora-bertha-figueroa","status":"publish","type":"page","link":"https:\/\/tonala.gob.mx\/portal\/regidora-bertha-figueroa\/","title":{"rendered":"BERTHA PATRICIA FIGUEROA RAM\u00cdREZ"},"content":{"rendered":"\n<div class=\"wp-block-columns is-layout-flex wp-container-core-columns-is-layout-28f84493 wp-block-columns-is-layout-flex\">\n<div class=\"wp-block-column is-layout-flow wp-block-column-is-layout-flow\">\n<figure class=\"wp-block-image size-full\"><a href=\"https:\/\/tonala.gob.mx\/portal\/wp-content\/uploads\/2024\/10\/BERTHA-PATRICIA-FIGUEROA-RAMIREZ-scaled.jpeg\"><img fetchpriority=\"high\" decoding=\"async\" width=\"2560\" height=\"2560\" src=\"https:\/\/tonala.gob.mx\/portal\/wp-content\/uploads\/2024\/10\/BERTHA-PATRICIA-FIGUEROA-RAMIREZ-edited-scaled.jpeg\" alt=\"\" class=\"wp-image-36219\" srcset=\"https:\/\/tonala.gob.mx\/portal\/wp-content\/uploads\/2024\/10\/BERTHA-PATRICIA-FIGUEROA-RAMIREZ-edited-scaled.jpeg 2560w, https:\/\/tonala.gob.mx\/portal\/wp-content\/uploads\/2024\/10\/BERTHA-PATRICIA-FIGUEROA-RAMIREZ-edited-300x300.jpeg 300w, https:\/\/tonala.gob.mx\/portal\/wp-content\/uploads\/2024\/10\/BERTHA-PATRICIA-FIGUEROA-RAMIREZ-edited-1024x1024.jpeg 1024w, https:\/\/tonala.gob.mx\/portal\/wp-content\/uploads\/2024\/10\/BERTHA-PATRICIA-FIGUEROA-RAMIREZ-edited-150x150.jpeg 150w, https:\/\/tonala.gob.mx\/portal\/wp-content\/uploads\/2024\/10\/BERTHA-PATRICIA-FIGUEROA-RAMIREZ-edited-768x768.jpeg 768w, https:\/\/tonala.gob.mx\/portal\/wp-content\/uploads\/2024\/10\/BERTHA-PATRICIA-FIGUEROA-RAMIREZ-edited-1536x1536.jpeg 1536w, https:\/\/tonala.gob.mx\/portal\/wp-content\/uploads\/2024\/10\/BERTHA-PATRICIA-FIGUEROA-RAMIREZ-edited-2048x2048.jpeg 2048w\" sizes=\"(max-width: 2560px) 100vw, 2560px\" \/><\/a><\/figure>\n\n\n\n<figure class=\"wp-block-image size-large\"><img decoding=\"async\" width=\"1024\" height=\"188\" src=\"https:\/\/tonala.gob.mx\/portal\/wp-content\/uploads\/2024\/10\/Morena_Party_Mexico.svg_-1024x188.png\" alt=\"\" class=\"wp-image-36181\" srcset=\"https:\/\/tonala.gob.mx\/portal\/wp-content\/uploads\/2024\/10\/Morena_Party_Mexico.svg_-1024x188.png 1024w, https:\/\/tonala.gob.mx\/portal\/wp-content\/uploads\/2024\/10\/Morena_Party_Mexico.svg_-300x55.png 300w, https:\/\/tonala.gob.mx\/portal\/wp-content\/uploads\/2024\/10\/Morena_Party_Mexico.svg_-768x141.png 768w, https:\/\/tonala.gob.mx\/portal\/wp-content\/uploads\/2024\/10\/Morena_Party_Mexico.svg_-1536x281.png 1536w, https:\/\/tonala.gob.mx\/portal\/wp-content\/uploads\/2024\/10\/Morena_Party_Mexico.svg_-2048x375.png 2048w\" sizes=\"(max-width: 1024px) 100vw, 1024px\" \/><\/figure>\n<\/div>\n\n\n\n<div class=\"wp-block-column is-layout-flow wp-block-column-is-layout-flow\">\n<p><strong>Sala \u201cA\u201d de Regidores<\/strong><br><br>Hidalgo #21 Colonia Tonal\u00e1 Centro, CP .45400<br>3335866000 EXT. 1085<br><br><strong>Correo electr\u00f3nico: <\/strong>\u00a0<br>reg.berthafigueroa@tonala.gob.mx <br><br>Curriculum<\/p>\n\n\n\n<p><a href=\"https:\/\/portal-transparencia.tonala.gob.mx\/agenda-oficial-regidora-bertha-patricia-figueroa-ramirez\/\" data-type=\"link\" data-id=\"https:\/\/portal-transparencia.tonala.gob.mx\/agenda-oficial-regidora-bertha-patricia-figueroa-ramirez\/\">Agenda<\/a><br><br>Regidora presidenta de la comisi\u00f3n edilicia de Igualdad sustantiva y derechos humanos.<br>Vocal: Administraci\u00f3n, transparencia, rendici\u00f3n de cuentas, combate de a la corrupci\u00f3n y recursos humanos.<br><br>Vocal: Seguridad y prevenci\u00f3n ciudadana.<br><br>Vocal: Atenci\u00f3n a la juventud y deporte.<br><br>Vocal: Servicios m\u00e9dicos, salubridad e higiene.<\/p>\n\n\n\n<p><\/p>\n\n\n\n<p><\/p>\n\n\n\n<p><\/p>\n\n\n\n<p><\/p>\n<\/div>\n<\/div>\n\n\n\n<p><\/p>\n","protected":false},"excerpt":{"rendered":"<p>Sala \u201cA\u201d de Regidores Hidalgo #21 Colonia Tonal\u00e1 Centro, CP .454003335866000 EXT. 1085 Correo electr\u00f3nico: \u00a0reg.berthafigueroa@tonala.gob.mx Curriculum Agenda Regidora presidenta<\/p>\n","protected":false},"author":2,"featured_media":0,"parent":0,"menu_order":0,"comment_status":"closed","ping_status":"closed","template":"","meta":{"colormag_page_container_layout":"default_layout","colormag_page_sidebar_layout":"default_layout","footnotes":""},"class_list":["post-35967","page","type-page","status-publish","hentry"],"_links":{"self":[{"href":"https:\/\/tonala.gob.mx\/portal\/wp-json\/wp\/v2\/pages\/35967","targetHints":{"allow":["GET"]}}],"collection":[{"href":"https:\/\/tonala.gob.mx\/portal\/wp-json\/wp\/v2\/pages"}],"about":[{"href":"https:\/\/tonala.gob.mx\/portal\/wp-json\/wp\/v2\/types\/page"}],"author":[{"embeddable":true,"href":"https:\/\/tonala.gob.mx\/portal\/wp-json\/wp\/v2\/users\/2"}],"replies":[{"embeddable":true,"href":"https:\/\/tonala.gob.mx\/portal\/wp-json\/wp\/v2\/comments?post=35967"}],"version-history":[{"count":10,"href":"https:\/\/tonala.gob.mx\/portal\/wp-json\/wp\/v2\/pages\/35967\/revisions"}],"predecessor-version":[{"id":36961,"href":"https:\/\/tonala.gob.mx\/portal\/wp-json\/wp\/v2\/pages\/35967\/revisions\/36961"}],"wp:attachment":[{"href":"https:\/\/tonala.gob.mx\/portal\/wp-json\/wp\/v2\/media?parent=35967"}],"curies":[{"name":"wp","href":"https:\/\/api.w.org\/{rel}","templated":true}]}}