{"id":35947,"date":"2024-10-01T15:39:49","date_gmt":"2024-10-01T21:39:49","guid":{"rendered":"https:\/\/tonala.gob.mx\/portal\/?page_id=35947"},"modified":"2025-02-14T11:55:16","modified_gmt":"2025-02-14T17:55:16","slug":"regidora-veronica-sepulveda","status":"publish","type":"page","link":"https:\/\/tonala.gob.mx\/portal\/regidora-veronica-sepulveda\/","title":{"rendered":"VER\u00d3NICA YANIRA SEP\u00daLVEDA VEL\u00c1ZQUEZ"},"content":{"rendered":"\n<div class=\"wp-block-columns is-layout-flex wp-container-core-columns-is-layout-28f84493 wp-block-columns-is-layout-flex\">\n<div class=\"wp-block-column is-layout-flow wp-block-column-is-layout-flow\">\n<figure class=\"wp-block-image size-full is-resized\"><img fetchpriority=\"high\" decoding=\"async\" width=\"2560\" height=\"2560\" src=\"https:\/\/tonala.gob.mx\/portal\/wp-content\/uploads\/2024\/10\/WhatsApp-Image-2024-10-01-at-15.07.43-edited-scaled.jpeg\" alt=\"\" class=\"wp-image-36205\" style=\"width:508px;height:auto\" srcset=\"https:\/\/tonala.gob.mx\/portal\/wp-content\/uploads\/2024\/10\/WhatsApp-Image-2024-10-01-at-15.07.43-edited-scaled.jpeg 2560w, https:\/\/tonala.gob.mx\/portal\/wp-content\/uploads\/2024\/10\/WhatsApp-Image-2024-10-01-at-15.07.43-edited-300x300.jpeg 300w, https:\/\/tonala.gob.mx\/portal\/wp-content\/uploads\/2024\/10\/WhatsApp-Image-2024-10-01-at-15.07.43-edited-1024x1024.jpeg 1024w, https:\/\/tonala.gob.mx\/portal\/wp-content\/uploads\/2024\/10\/WhatsApp-Image-2024-10-01-at-15.07.43-edited-150x150.jpeg 150w, https:\/\/tonala.gob.mx\/portal\/wp-content\/uploads\/2024\/10\/WhatsApp-Image-2024-10-01-at-15.07.43-edited-768x768.jpeg 768w, https:\/\/tonala.gob.mx\/portal\/wp-content\/uploads\/2024\/10\/WhatsApp-Image-2024-10-01-at-15.07.43-edited-1536x1536.jpeg 1536w, https:\/\/tonala.gob.mx\/portal\/wp-content\/uploads\/2024\/10\/WhatsApp-Image-2024-10-01-at-15.07.43-edited-2048x2048.jpeg 2048w\" sizes=\"(max-width: 2560px) 100vw, 2560px\" \/><\/figure>\n\n\n\n<figure class=\"wp-block-image size-large\"><img decoding=\"async\" width=\"1024\" height=\"188\" src=\"https:\/\/tonala.gob.mx\/portal\/wp-content\/uploads\/2024\/10\/Morena_Party_Mexico.svg_-1024x188.png\" alt=\"\" class=\"wp-image-36181\" srcset=\"https:\/\/tonala.gob.mx\/portal\/wp-content\/uploads\/2024\/10\/Morena_Party_Mexico.svg_-1024x188.png 1024w, https:\/\/tonala.gob.mx\/portal\/wp-content\/uploads\/2024\/10\/Morena_Party_Mexico.svg_-300x55.png 300w, https:\/\/tonala.gob.mx\/portal\/wp-content\/uploads\/2024\/10\/Morena_Party_Mexico.svg_-768x141.png 768w, https:\/\/tonala.gob.mx\/portal\/wp-content\/uploads\/2024\/10\/Morena_Party_Mexico.svg_-1536x281.png 1536w, https:\/\/tonala.gob.mx\/portal\/wp-content\/uploads\/2024\/10\/Morena_Party_Mexico.svg_-2048x375.png 2048w\" sizes=\"(max-width: 1024px) 100vw, 1024px\" \/><\/figure>\n<\/div>\n\n\n\n<div class=\"wp-block-column is-layout-flow wp-block-column-is-layout-flow\">\n<p><strong>Sala de Regidores \u00abA\u00bb<\/strong><br><strong> <\/strong><br>Hidalgo #21 Colonia Tonal\u00e1 Centro, CP .45400<br><br>3335866000 EXT. 1021<br><br><strong>Correo electr\u00f3nico:<\/strong><br>reg.sepulvedaveronica@tonala.gob.mx<br><br><a href=\"https:\/\/tonala.gob.mx\/portal\/wp-content\/uploads\/2024\/12\/VERONICA-YANIRA-SEPULVEDA-VELAZQUEZ.pdf\">Curriculum<\/a><\/p>\n\n\n\n<p><a href=\"https:\/\/portal-transparencia.tonala.gob.mx\/agenda-oficial-regidora-mtra-veronica-yanira-sepulveda-velazquez\/\">Agenda<\/a><br><br>Regidora presidente de la comisi\u00f3n de Obras publicas municipales.<br><br><strong>Vocal:<\/strong> Servicios p\u00fablicos municipales.<br><br><strong>Vocal:<\/strong> Planeaci\u00f3n para el desarrollo urbano, rural y habitaci\u00f3n popular.<br><br><strong>Vocal: <\/strong>Fomento artesanal, turismo y desarrollo econ\u00f3mico.<br><br><strong>Vocal:<\/strong> Cultura, educaci\u00f3n e innovaci\u00f3n tecnol\u00f3gica.<\/p>\n\n\n\n<p><\/p>\n\n\n\n<p><\/p>\n\n\n\n<p><\/p>\n\n\n\n<p><\/p>\n<\/div>\n<\/div>\n\n\n\n<p><\/p>\n","protected":false},"excerpt":{"rendered":"<p>Sala de Regidores \u00abA\u00bb Hidalgo #21 Colonia Tonal\u00e1 Centro, CP .45400 3335866000 EXT. 1021 Correo electr\u00f3nico:reg.sepulvedaveronica@tonala.gob.mx Curriculum Agenda Regidora presidente<\/p>\n","protected":false},"author":2,"featured_media":0,"parent":0,"menu_order":0,"comment_status":"closed","ping_status":"closed","template":"","meta":{"colormag_page_container_layout":"default_layout","colormag_page_sidebar_layout":"default_layout","footnotes":""},"class_list":["post-35947","page","type-page","status-publish","hentry"],"_links":{"self":[{"href":"https:\/\/tonala.gob.mx\/portal\/wp-json\/wp\/v2\/pages\/35947","targetHints":{"allow":["GET"]}}],"collection":[{"href":"https:\/\/tonala.gob.mx\/portal\/wp-json\/wp\/v2\/pages"}],"about":[{"href":"https:\/\/tonala.gob.mx\/portal\/wp-json\/wp\/v2\/types\/page"}],"author":[{"embeddable":true,"href":"https:\/\/tonala.gob.mx\/portal\/wp-json\/wp\/v2\/users\/2"}],"replies":[{"embeddable":true,"href":"https:\/\/tonala.gob.mx\/portal\/wp-json\/wp\/v2\/comments?post=35947"}],"version-history":[{"count":18,"href":"https:\/\/tonala.gob.mx\/portal\/wp-json\/wp\/v2\/pages\/35947\/revisions"}],"predecessor-version":[{"id":37298,"href":"https:\/\/tonala.gob.mx\/portal\/wp-json\/wp\/v2\/pages\/35947\/revisions\/37298"}],"wp:attachment":[{"href":"https:\/\/tonala.gob.mx\/portal\/wp-json\/wp\/v2\/media?parent=35947"}],"curies":[{"name":"wp","href":"https:\/\/api.w.org\/{rel}","templated":true}]}}