{"id":35678,"date":"2024-07-11T17:17:58","date_gmt":"2024-07-11T23:17:58","guid":{"rendered":"https:\/\/tonala.gob.mx\/portal\/?page_id=35678"},"modified":"2024-07-31T10:04:00","modified_gmt":"2024-07-31T16:04:00","slug":"desarrollo-centro-de-poblacion","status":"publish","type":"page","link":"https:\/\/tonala.gob.mx\/portal\/desarrollo-centro-de-poblacion\/","title":{"rendered":"Consulta los Planes de Desarrollo Urbano de Centro de Poblaci\u00f3n 2024"},"content":{"rendered":"\n<figure class=\"wp-block-image size-large\"><img fetchpriority=\"high\" decoding=\"async\" width=\"1024\" height=\"661\" src=\"https:\/\/tonala.gob.mx\/portal\/wp-content\/uploads\/2024\/07\/TALLER-PLANES-DE-DESARROLLO-URBANO-TON-020911-2-1024x661.jpg\" alt=\"\" class=\"wp-image-35765\" srcset=\"https:\/\/tonala.gob.mx\/portal\/wp-content\/uploads\/2024\/07\/TALLER-PLANES-DE-DESARROLLO-URBANO-TON-020911-2-1024x661.jpg 1024w, https:\/\/tonala.gob.mx\/portal\/wp-content\/uploads\/2024\/07\/TALLER-PLANES-DE-DESARROLLO-URBANO-TON-020911-2-300x194.jpg 300w, https:\/\/tonala.gob.mx\/portal\/wp-content\/uploads\/2024\/07\/TALLER-PLANES-DE-DESARROLLO-URBANO-TON-020911-2-768x496.jpg 768w, https:\/\/tonala.gob.mx\/portal\/wp-content\/uploads\/2024\/07\/TALLER-PLANES-DE-DESARROLLO-URBANO-TON-020911-2-1536x992.jpg 1536w, https:\/\/tonala.gob.mx\/portal\/wp-content\/uploads\/2024\/07\/TALLER-PLANES-DE-DESARROLLO-URBANO-TON-020911-2-2048x1323.jpg 2048w\" sizes=\"(max-width: 1024px) 100vw, 1024px\" \/><\/figure>\n\n\n\n<div class=\"wp-block-columns is-layout-flex wp-container-core-columns-is-layout-28f84493 wp-block-columns-is-layout-flex\">\n<div class=\"wp-block-column is-layout-flow wp-block-column-is-layout-flow\" style=\"flex-basis:100%\">\n<div class=\"wp-block-group is-layout-constrained wp-block-group-is-layout-constrained\">\n<div class=\"wp-block-group is-layout-constrained wp-block-group-is-layout-constrained\">\n<details class=\"wp-block-details is-layout-flow wp-block-details-is-layout-flow\"><summary>Estas caracter\u00edsticas ayudan a crear comunidades m\u00e1s organizadas, habitables y sostenibles para todos sus habitantes:<\/summary>\n<p><strong>Zonificaci\u00f3n:<\/strong> Divide el \u00e1rea en zonas espec\u00edficas para diferentes usos, como residencial, comercial o industrial, para mantener orden y funcionalidad.<\/p>\n\n\n\n<p><strong>Infraestructura<\/strong>: Planifica la construcci\u00f3n de calles, banquetas, redes el\u00e9ctricas, de agua y sanitarias para asegurar que todos tengan acceso a servicios b\u00e1sicos.<\/p>\n\n\n\n<p><strong>Espacios verdes<\/strong>: Incluye la planificaci\u00f3n de parques y \u00e1reas recreativas para mejorar la calidad de vida y conservar el medio ambiente.<\/p>\n\n\n\n<p><strong>Transporte<\/strong>: Define rutas de transporte p\u00fablico, ciclov\u00edas y accesos vehiculares para facilitar la movilidad y reducir el tr\u00e1fico.<\/p>\n\n\n\n<p><strong>Desarrollo econ\u00f3mico<\/strong>: Promueve \u00e1reas para negocios y comercios, incentivando el empleo local y el crecimiento econ\u00f3mico.<\/p>\n\n\n\n<p><strong>Sostenibilidad<\/strong>: Incorpora pr\u00e1cticas y tecnolog\u00edas para reducir el impacto ambiental, como energ\u00edas renovables y gesti\u00f3n eficiente de residuos.<\/p>\n\n\n\n<p><strong>Participaci\u00f3n comunitaria: <\/strong>Involucra a los residentes y grupos interesados en el proceso de planificaci\u00f3n para asegurar que las decisiones reflejen las necesidades de la comunidad<\/p>\n\n\n\n<p><strong>Resiliencia: <\/strong>Planifica para situaciones de emergencia y cambio clim\u00e1tico, asegurando que la ciudad est\u00e9 preparada para enfrentar desaf\u00edos futuros.<\/p>\n<\/details>\n<\/div>\n<\/div>\n<\/div>\n<\/div>\n\n\n\n<figure class=\"wp-block-image size-large\"><img decoding=\"async\" width=\"1024\" height=\"570\" src=\"https:\/\/tonala.gob.mx\/portal\/wp-content\/uploads\/2024\/07\/1-1-1024x570.jpeg\" alt=\"\" class=\"wp-image-35849\" srcset=\"https:\/\/tonala.gob.mx\/portal\/wp-content\/uploads\/2024\/07\/1-1-1024x570.jpeg 1024w, https:\/\/tonala.gob.mx\/portal\/wp-content\/uploads\/2024\/07\/1-1-300x167.jpeg 300w, https:\/\/tonala.gob.mx\/portal\/wp-content\/uploads\/2024\/07\/1-1-768x427.jpeg 768w, https:\/\/tonala.gob.mx\/portal\/wp-content\/uploads\/2024\/07\/1-1-1536x854.jpeg 1536w, https:\/\/tonala.gob.mx\/portal\/wp-content\/uploads\/2024\/07\/1-1-800x445.jpeg 800w, https:\/\/tonala.gob.mx\/portal\/wp-content\/uploads\/2024\/07\/1-1.jpeg 1600w\" sizes=\"(max-width: 1024px) 100vw, 1024px\" \/><\/figure>\n\n\n\n<div class=\"wp-block-columns is-layout-flex wp-container-core-columns-is-layout-28f84493 wp-block-columns-is-layout-flex\">\n<div class=\"wp-block-column is-layout-flow wp-block-column-is-layout-flow\">\n<p class=\"has-text-align-left has-background has-medium-font-size\" style=\"background-color:#fefefe\">La informaci\u00f3n que se provea por quienes participen es de caracter confidencial y se utilizar\u00e1 solo para esta etapa del proyecto de actualizaci\u00f3n de los Planes de Desarrollo Urbano de Centro de Poblaci\u00f3n.<\/p>\n\n\n\n<p class=\"has-text-align-center has-background has-medium-font-size\" style=\"background-color:#fefefe\"><strong>Consulta nuestro aviso de privacidad general <a href=\"https:\/\/portal-transparencia.tonala.gob.mx\/wp-content\/uploads\/2024\/06\/AVISO-DE-PRIVACIDAD-DEL-GOBIERNO-MUNICIPAL-DE-TONALA.pdf\">AQUI<\/a><\/strong><\/p>\n\n\n\n<p class=\"has-text-align-center has-black-color has-cyan-bluish-gray-background-color has-text-color has-background has-link-color wp-elements-83792c6dbed0016fd6a016343e23233c\" style=\"padding-top:0;padding-bottom:0;font-size:25px\"><strong>PROYECTOS POR DISTRITO:<\/strong><\/p>\n\n\n\n<div class=\"wp-block-buttons is-content-justification-center is-layout-flex wp-container-core-buttons-is-layout-a89b3969 wp-block-buttons-is-layout-flex\">\n<div class=\"wp-block-button has-custom-width wp-block-button__width-25 has-custom-font-size has-medium-font-size\"><a class=\"wp-block-button__link has-white-color has-cyan-bluish-gray-background-color has-text-color has-background has-link-color wp-element-button\" href=\"https:\/\/drive.google.com\/drive\/u\/3\/folders\/1jZufSt66LZLQGZwWg7U1CUoKB0PTMAwW\"><strong>TON-02<\/strong><\/a><\/div>\n\n\n\n<div class=\"wp-block-button has-custom-width wp-block-button__width-25 has-custom-font-size has-medium-font-size\"><a class=\"wp-block-button__link has-white-color has-cyan-bluish-gray-background-color has-text-color has-background has-link-color wp-element-button\" href=\"https:\/\/drive.google.com\/drive\/folders\/1NnqMPmKrvoz0zvyvgMMjB04GgqdNl8Cf?usp=drive_link\"><strong>TON-0<\/strong>9<\/a><\/div>\n\n\n\n<div class=\"wp-block-button has-custom-width wp-block-button__width-25 has-custom-font-size has-medium-font-size\"><a class=\"wp-block-button__link has-white-color has-cyan-bluish-gray-background-color has-text-color has-background has-link-color wp-element-button\" href=\"https:\/\/drive.google.com\/drive\/folders\/1SvvtkOo6uy3sRS7UICCE_Hku5ZdGO9MB?usp=drive_link\"><strong>TON-<\/strong>11<\/a><\/div>\n<\/div>\n<\/div>\n<\/div>\n\n\n\n<div>[formidable id=\u00bb3&#8243;]<\/div>\n\n\n\n<figure class=\"wp-block-image size-large\"><img decoding=\"async\" width=\"1024\" height=\"512\" src=\"https:\/\/tonala.gob.mx\/portal\/wp-content\/uploads\/2024\/07\/1-1024x512.jpeg\" alt=\"\" class=\"wp-image-35828\" srcset=\"https:\/\/tonala.gob.mx\/portal\/wp-content\/uploads\/2024\/07\/1-1024x512.jpeg 1024w, https:\/\/tonala.gob.mx\/portal\/wp-content\/uploads\/2024\/07\/1-300x150.jpeg 300w, https:\/\/tonala.gob.mx\/portal\/wp-content\/uploads\/2024\/07\/1-768x384.jpeg 768w, https:\/\/tonala.gob.mx\/portal\/wp-content\/uploads\/2024\/07\/1.jpeg 1280w\" sizes=\"(max-width: 1024px) 100vw, 1024px\" \/><\/figure>\n\n\n<p style=\"text-align: center;\"><iframe src=\"https:\/\/www.google.com\/maps\/d\/embed?mid=1XS_WP1YJRyjgLWbi9cY5MGD8G8eRLL8&amp;ehbc=2E312F\" width=\"1040\" height=\"980\"><\/iframe><\/p>","protected":false},"excerpt":{"rendered":"<p>La informaci\u00f3n que se provea por quienes participen es de caracter confidencial y se utilizar\u00e1 solo para esta etapa del<\/p>\n","protected":false},"author":2,"featured_media":0,"parent":0,"menu_order":0,"comment_status":"closed","ping_status":"closed","template":"","meta":{"colormag_page_container_layout":"no_sidebar_full_width","colormag_page_sidebar_layout":"right_sidebar","footnotes":""},"class_list":["post-35678","page","type-page","status-publish","hentry"],"_links":{"self":[{"href":"https:\/\/tonala.gob.mx\/portal\/wp-json\/wp\/v2\/pages\/35678","targetHints":{"allow":["GET"]}}],"collection":[{"href":"https:\/\/tonala.gob.mx\/portal\/wp-json\/wp\/v2\/pages"}],"about":[{"href":"https:\/\/tonala.gob.mx\/portal\/wp-json\/wp\/v2\/types\/page"}],"author":[{"embeddable":true,"href":"https:\/\/tonala.gob.mx\/portal\/wp-json\/wp\/v2\/users\/2"}],"replies":[{"embeddable":true,"href":"https:\/\/tonala.gob.mx\/portal\/wp-json\/wp\/v2\/comments?post=35678"}],"version-history":[{"count":61,"href":"https:\/\/tonala.gob.mx\/portal\/wp-json\/wp\/v2\/pages\/35678\/revisions"}],"predecessor-version":[{"id":35850,"href":"https:\/\/tonala.gob.mx\/portal\/wp-json\/wp\/v2\/pages\/35678\/revisions\/35850"}],"wp:attachment":[{"href":"https:\/\/tonala.gob.mx\/portal\/wp-json\/wp\/v2\/media?parent=35678"}],"curies":[{"name":"wp","href":"https:\/\/api.w.org\/{rel}","templated":true}]}}