{"id":35116,"date":"2024-01-11T13:27:07","date_gmt":"2024-01-11T19:27:07","guid":{"rendered":"https:\/\/tonala.gob.mx\/portal\/?page_id=35116"},"modified":"2024-12-06T22:09:29","modified_gmt":"2024-12-07T04:09:29","slug":"presidente","status":"publish","type":"page","link":"https:\/\/tonala.gob.mx\/portal\/presidente\/","title":{"rendered":"Sergio Armando Ch\u00e1vez Davalos"},"content":{"rendered":"\n<figure class=\"wp-block-table alignleft\"><table><tbody><tr><td><img fetchpriority=\"high\" decoding=\"async\" width=\"600\" height=\"891\" class=\"wp-image-34446\" style=\"width: 600px;\" src=\"https:\/\/tonala.gob.mx\/portal\/wp-content\/uploads\/2022\/08\/2.jpg\" alt=\"\" srcset=\"https:\/\/tonala.gob.mx\/portal\/wp-content\/uploads\/2022\/08\/2.jpg 1326w, https:\/\/tonala.gob.mx\/portal\/wp-content\/uploads\/2022\/08\/2-202x300.jpg 202w, https:\/\/tonala.gob.mx\/portal\/wp-content\/uploads\/2022\/08\/2-690x1024.jpg 690w, https:\/\/tonala.gob.mx\/portal\/wp-content\/uploads\/2022\/08\/2-768x1140.jpg 768w, https:\/\/tonala.gob.mx\/portal\/wp-content\/uploads\/2022\/08\/2-1034x1536.jpg 1034w\" sizes=\"(max-width: 600px) 100vw, 600px\" \/><\/td><td><strong>P.A.S. Sergio Armando Ch\u00e1vez Davalos<\/strong><br>Presidente Municipal<\/td><td class=\"has-text-align-left\" data-align=\"left\">Tel\u00e9fono: 33 35 86 60 00 Ext. 1006, 1008 y 1013<br>Domicilio: Hidalgo 21 colonia Centro, Tonal\u00e1 Jalisco<br>Correo Electr\u00f3nico: secretariaparticular@tonala.gob.mx<br><br><a href=\"https:\/\/portal-transparencia.tonala.gob.mx\/agenda-oficial-presidente-municipal-p-a-s-sergio-armando-chavez-davalos\/\">Agenda<\/a><br><a href=\"https:\/\/tonala.gob.mx\/portal\/wp-content\/uploads\/2021\/11\/SERGIO-ARMANDO-CHAVEZ-DAVALOS.pdf\">Curriculum<\/a><\/td><\/tr><\/tbody><\/table><\/figure>\n","protected":false},"excerpt":{"rendered":"<p>P.A.S. Sergio Armando Ch\u00e1vez DavalosPresidente Municipal Tel\u00e9fono: 33 35 86 60 00 Ext. 1006, 1008 y 1013Domicilio: Hidalgo 21 colonia<\/p>\n","protected":false},"author":2,"featured_media":0,"parent":0,"menu_order":0,"comment_status":"closed","ping_status":"closed","template":"","meta":{"colormag_page_container_layout":"no_sidebar_full_width","colormag_page_sidebar_layout":"no_sidebar","footnotes":""},"class_list":["post-35116","page","type-page","status-publish","hentry"],"_links":{"self":[{"href":"https:\/\/tonala.gob.mx\/portal\/wp-json\/wp\/v2\/pages\/35116","targetHints":{"allow":["GET"]}}],"collection":[{"href":"https:\/\/tonala.gob.mx\/portal\/wp-json\/wp\/v2\/pages"}],"about":[{"href":"https:\/\/tonala.gob.mx\/portal\/wp-json\/wp\/v2\/types\/page"}],"author":[{"embeddable":true,"href":"https:\/\/tonala.gob.mx\/portal\/wp-json\/wp\/v2\/users\/2"}],"replies":[{"embeddable":true,"href":"https:\/\/tonala.gob.mx\/portal\/wp-json\/wp\/v2\/comments?post=35116"}],"version-history":[{"count":16,"href":"https:\/\/tonala.gob.mx\/portal\/wp-json\/wp\/v2\/pages\/35116\/revisions"}],"predecessor-version":[{"id":37099,"href":"https:\/\/tonala.gob.mx\/portal\/wp-json\/wp\/v2\/pages\/35116\/revisions\/37099"}],"wp:attachment":[{"href":"https:\/\/tonala.gob.mx\/portal\/wp-json\/wp\/v2\/media?parent=35116"}],"curies":[{"name":"wp","href":"https:\/\/api.w.org\/{rel}","templated":true}]}}