{"id":25538,"date":"2019-01-23T11:03:28","date_gmt":"2019-01-23T17:03:28","guid":{"rendered":"http:\/\/tonala.gob.mx\/portal\/?page_id=25538"},"modified":"2019-01-23T11:03:28","modified_gmt":"2019-01-23T17:03:28","slug":"certificado-de-inscripcion-de-propiedad","status":"publish","type":"page","link":"https:\/\/tonala.gob.mx\/portal\/certificado-de-inscripcion-de-propiedad\/","title":{"rendered":"Certificado de Inscripci\u00f3n de Propiedad"},"content":{"rendered":"<p>Nombre del Tr\u00e1mite: Certificado de Inscripci\u00f3n de Propiedad<\/p>\n<p>Requisitos:<br \/>\n* Formato De Solicitud De Servicios<br \/>\n* Identificaci\u00f3n Oficial<br \/>\n* Recibo de pago de los Derechos Catastrales<br \/>\n* Recibo de pago del Predial<\/p>\n<p>Costo del tr\u00e1mite:<br \/>\n* PAGO DE DERECHOS $92.00 PESOS<br \/>\n* Formato De Solicitud De Servicios Catastrales $48.00 PESOS<\/p>\n<p>Tiempo de Respuesta: 10 D\u00edas H\u00e1biles<\/p>\n<p>AREA RESPONSABLE: CERTIFICACIONES<\/p>\n<p>Fundamento Jur\u00eddico del Tramite: Ley De Catastro Municipal Del Estado De Jalisco Art. 25,27<\/p>\n<p>Fundamento jur\u00eddico de los Requisitos: Ley De Hacienda Municipal Del Estado De Jalisco Art. 37 Frac. IV<\/p>\n<p>Fundamentos Jur\u00eddicos del Costo: Ley de ingresos del Municipio de Tonal\u00e1, Jalisco para el ejercicio fiscal del a\u00f1o 2019, art 76<\/p>\n","protected":false},"excerpt":{"rendered":"<p>Nombre del Tr\u00e1mite: Certificado de Inscripci\u00f3n de Propiedad Requisitos: * Formato De Solicitud De Servicios * Identificaci\u00f3n Oficial * Recibo<\/p>\n","protected":false},"author":1,"featured_media":0,"parent":0,"menu_order":0,"comment_status":"closed","ping_status":"closed","template":"","meta":{"colormag_page_container_layout":"default_layout","colormag_page_sidebar_layout":"default_layout","footnotes":""},"class_list":["post-25538","page","type-page","status-publish","hentry"],"_links":{"self":[{"href":"https:\/\/tonala.gob.mx\/portal\/wp-json\/wp\/v2\/pages\/25538","targetHints":{"allow":["GET"]}}],"collection":[{"href":"https:\/\/tonala.gob.mx\/portal\/wp-json\/wp\/v2\/pages"}],"about":[{"href":"https:\/\/tonala.gob.mx\/portal\/wp-json\/wp\/v2\/types\/page"}],"author":[{"embeddable":true,"href":"https:\/\/tonala.gob.mx\/portal\/wp-json\/wp\/v2\/users\/1"}],"replies":[{"embeddable":true,"href":"https:\/\/tonala.gob.mx\/portal\/wp-json\/wp\/v2\/comments?post=25538"}],"version-history":[{"count":1,"href":"https:\/\/tonala.gob.mx\/portal\/wp-json\/wp\/v2\/pages\/25538\/revisions"}],"predecessor-version":[{"id":25539,"href":"https:\/\/tonala.gob.mx\/portal\/wp-json\/wp\/v2\/pages\/25538\/revisions\/25539"}],"wp:attachment":[{"href":"https:\/\/tonala.gob.mx\/portal\/wp-json\/wp\/v2\/media?parent=25538"}],"curies":[{"name":"wp","href":"https:\/\/api.w.org\/{rel}","templated":true}]}}