{"id":25527,"date":"2019-01-22T23:38:57","date_gmt":"2019-01-23T05:38:57","guid":{"rendered":"http:\/\/tonala.gob.mx\/portal\/?page_id=25527"},"modified":"2019-01-22T23:38:57","modified_gmt":"2019-01-23T05:38:57","slug":"transmision-patrimonial-por-compra-venta","status":"publish","type":"page","link":"https:\/\/tonala.gob.mx\/portal\/transmision-patrimonial-por-compra-venta\/","title":{"rendered":"Transmisi\u00f3n Patrimonial por Compra Venta"},"content":{"rendered":"<p>Requisitos:<br \/>\n* Aviso de Transmisi\u00f3n Patrimonial <a href=\"https:\/\/tonala.gob.mx\/portal\/wp-content\/uploads\/2019\/01\/ATPword_macros-copia-1.docm\">DESCARGA AQU\u00cd &#8212;&gt;<\/a>\u00a0<a href=\"https:\/\/tonala.gob.mx\/portal\/wp-content\/uploads\/2019\/01\/ATPword_macros-copia-1.docm\"><img decoding=\"async\" class=\"alignnone wp-image-18633\" src=\"https:\/\/tonala.gob.mx\/portal\/wp-content\/uploads\/2018\/07\/1-02-512-150x150.png\" alt=\"1-02-512\" width=\"40\" height=\"40\" srcset=\"https:\/\/tonala.gob.mx\/portal\/wp-content\/uploads\/2018\/07\/1-02-512-150x150.png 150w, https:\/\/tonala.gob.mx\/portal\/wp-content\/uploads\/2018\/07\/1-02-512-300x300.png 300w, https:\/\/tonala.gob.mx\/portal\/wp-content\/uploads\/2018\/07\/1-02-512.png 512w\" sizes=\"(max-width: 40px) 100vw, 40px\" \/><\/a><br \/>\n* CNA (Certificado de No Adeudo Predial)<br \/>\n* Aval\u00fao Autorizado por la Direcci\u00f3n de Catastro<br \/>\n* Escritura Publica<\/p>\n<p>Costo del tr\u00e1mite:<br \/>\n* Forma valorada $40.00 PESOS<br \/>\n* Impuesto sobre Transmisi\u00f3n Patrimonial<\/p>\n<p>Tiempo de respuesta: DE 10 D\u00cdAS HABILES<\/p>\n<p>AREA RESPONSABLE: DEPARTAMENTO DE TRAMITE Y REGISTRO<\/p>\n<p>Fundamento Jur\u00eddico del Tramite: Ley de Hacienda Municipal del Estado de Jalisco. Art. 112<\/p>\n<p>Fundamento jur\u00eddico de los Requisitos: Ley De Hacienda Municipal Del Estado De Jalisco Art. 37 Frac. IV<\/p>\n<p>Fundamentos Jur\u00eddicos del Costo: Ley de ingresos del Municipio de Tonal\u00e1, Jalisco para el ejercicio fiscal del a\u00f1o 2019 art. 44, 45, 76<\/p>\n","protected":false},"excerpt":{"rendered":"<p>Requisitos: * Aviso de Transmisi\u00f3n Patrimonial DESCARGA AQU\u00cd &#8212;&gt;\u00a0 * CNA (Certificado de No Adeudo Predial) * Aval\u00fao Autorizado por<\/p>\n","protected":false},"author":1,"featured_media":0,"parent":0,"menu_order":0,"comment_status":"closed","ping_status":"closed","template":"","meta":{"colormag_page_container_layout":"default_layout","colormag_page_sidebar_layout":"default_layout","footnotes":""},"class_list":["post-25527","page","type-page","status-publish","hentry"],"_links":{"self":[{"href":"https:\/\/tonala.gob.mx\/portal\/wp-json\/wp\/v2\/pages\/25527","targetHints":{"allow":["GET"]}}],"collection":[{"href":"https:\/\/tonala.gob.mx\/portal\/wp-json\/wp\/v2\/pages"}],"about":[{"href":"https:\/\/tonala.gob.mx\/portal\/wp-json\/wp\/v2\/types\/page"}],"author":[{"embeddable":true,"href":"https:\/\/tonala.gob.mx\/portal\/wp-json\/wp\/v2\/users\/1"}],"replies":[{"embeddable":true,"href":"https:\/\/tonala.gob.mx\/portal\/wp-json\/wp\/v2\/comments?post=25527"}],"version-history":[{"count":1,"href":"https:\/\/tonala.gob.mx\/portal\/wp-json\/wp\/v2\/pages\/25527\/revisions"}],"predecessor-version":[{"id":25528,"href":"https:\/\/tonala.gob.mx\/portal\/wp-json\/wp\/v2\/pages\/25527\/revisions\/25528"}],"wp:attachment":[{"href":"https:\/\/tonala.gob.mx\/portal\/wp-json\/wp\/v2\/media?parent=25527"}],"curies":[{"name":"wp","href":"https:\/\/api.w.org\/{rel}","templated":true}]}}