{"id":20223,"date":"2018-09-30T21:43:21","date_gmt":"2018-10-01T03:43:21","guid":{"rendered":"http:\/\/tonala.gob.mx\/portal\/?page_id=20223"},"modified":"2024-03-20T13:22:08","modified_gmt":"2024-03-20T19:22:08","slug":"maria-esther-ayala-alba","status":"publish","type":"page","link":"https:\/\/tonala.gob.mx\/portal\/maria-esther-ayala-alba\/","title":{"rendered":"MARIA ESTHER AYALA ALBA"},"content":{"rendered":"\n<div class=\"wp-block-media-text is-stacked-on-mobile\"><figure class=\"wp-block-media-text__media\"><img fetchpriority=\"high\" decoding=\"async\" width=\"682\" height=\"1024\" src=\"https:\/\/tonala.gob.mx\/portal\/wp-content\/uploads\/2021\/10\/M-682x1024.jpeg\" alt=\"\" class=\"wp-image-32886 size-full\" srcset=\"https:\/\/tonala.gob.mx\/portal\/wp-content\/uploads\/2021\/10\/M-682x1024.jpeg 682w, https:\/\/tonala.gob.mx\/portal\/wp-content\/uploads\/2021\/10\/M-200x300.jpeg 200w, https:\/\/tonala.gob.mx\/portal\/wp-content\/uploads\/2021\/10\/M-768x1152.jpeg 768w, https:\/\/tonala.gob.mx\/portal\/wp-content\/uploads\/2021\/10\/M.jpeg 853w\" sizes=\"(max-width: 682px) 100vw, 682px\" \/><\/figure><div class=\"wp-block-media-text__content\">\n<p class=\"has-medium-font-size\">Tel\u00e9fono: 33 35 86 60 00 Ext.<br>Domicilio: Hidalgo 21 colonia Centro, Tonal\u00e1 Jalisco<br>reg.estherayala@tonala.gob.mx<br>Curr\u00edculo<br><a href=\"https:\/\/portal-transparencia.tonala.gob.mx\/agenda-oficial-regidora-maria-esther-ayala-alba\/\">Agenda Oficial<\/a><br><br><strong>COMISIONES<\/strong><br>PRESIDE<br><strong>Servicios M\u00e9dicos, Salubridad E Higiene<\/strong><br>VOCAL<br><strong>Gobernaci\u00f3n, Justicia, Asuntos Metropolitanos Y Fortalecimiento Municipal<\/strong><br><strong>Igualdad Sustantiva Y Derechos Humanos<\/strong><br><strong>Bienestar, Desarrollo, Asistencia Social Y Familiar<\/strong><br><strong>Movilidad Y Transporte<\/strong><\/p>\n<\/div><\/div>\n","protected":false},"excerpt":{"rendered":"<p>Tel\u00e9fono: 33 35 86 60 00 Ext.Domicilio: Hidalgo 21 colonia Centro, Tonal\u00e1 Jaliscoreg.estherayala@tonala.gob.mxCurr\u00edculoAgenda Oficial COMISIONESPRESIDEServicios M\u00e9dicos, Salubridad E HigieneVOCALGobernaci\u00f3n, Justicia,<\/p>\n","protected":false},"author":1,"featured_media":0,"parent":0,"menu_order":0,"comment_status":"closed","ping_status":"closed","template":"","meta":{"colormag_page_container_layout":"no_sidebar_full_width","colormag_page_sidebar_layout":"no_sidebar","footnotes":""},"class_list":["post-20223","page","type-page","status-publish","hentry"],"_links":{"self":[{"href":"https:\/\/tonala.gob.mx\/portal\/wp-json\/wp\/v2\/pages\/20223","targetHints":{"allow":["GET"]}}],"collection":[{"href":"https:\/\/tonala.gob.mx\/portal\/wp-json\/wp\/v2\/pages"}],"about":[{"href":"https:\/\/tonala.gob.mx\/portal\/wp-json\/wp\/v2\/types\/page"}],"author":[{"embeddable":true,"href":"https:\/\/tonala.gob.mx\/portal\/wp-json\/wp\/v2\/users\/1"}],"replies":[{"embeddable":true,"href":"https:\/\/tonala.gob.mx\/portal\/wp-json\/wp\/v2\/comments?post=20223"}],"version-history":[{"count":37,"href":"https:\/\/tonala.gob.mx\/portal\/wp-json\/wp\/v2\/pages\/20223\/revisions"}],"predecessor-version":[{"id":35445,"href":"https:\/\/tonala.gob.mx\/portal\/wp-json\/wp\/v2\/pages\/20223\/revisions\/35445"}],"wp:attachment":[{"href":"https:\/\/tonala.gob.mx\/portal\/wp-json\/wp\/v2\/media?parent=20223"}],"curies":[{"name":"wp","href":"https:\/\/api.w.org\/{rel}","templated":true}]}}