{"id":20213,"date":"2018-09-30T21:39:52","date_gmt":"2018-10-01T03:39:52","guid":{"rendered":"http:\/\/tonala.gob.mx\/portal\/?page_id=20213"},"modified":"2024-11-20T10:44:44","modified_gmt":"2024-11-20T16:44:44","slug":"dulce-garcia","status":"publish","type":"page","link":"https:\/\/tonala.gob.mx\/portal\/dulce-garcia\/","title":{"rendered":"DULCE YUNUEN GARCIA VENEGAS"},"content":{"rendered":"\n<div class=\"wp-block-columns is-layout-flex wp-container-core-columns-is-layout-28f84493 wp-block-columns-is-layout-flex\">\n<div class=\"wp-block-column is-layout-flow wp-block-column-is-layout-flow\">\n<figure class=\"wp-block-image size-full\"><img fetchpriority=\"high\" decoding=\"async\" width=\"2560\" height=\"2560\" src=\"https:\/\/tonala.gob.mx\/portal\/wp-content\/uploads\/2024\/10\/DULCE-YUNUEN-GARCIA-VENEGAS-edited-scaled.jpeg\" alt=\"\" class=\"wp-image-36186\" srcset=\"https:\/\/tonala.gob.mx\/portal\/wp-content\/uploads\/2024\/10\/DULCE-YUNUEN-GARCIA-VENEGAS-edited-scaled.jpeg 2560w, https:\/\/tonala.gob.mx\/portal\/wp-content\/uploads\/2024\/10\/DULCE-YUNUEN-GARCIA-VENEGAS-edited-300x300.jpeg 300w, https:\/\/tonala.gob.mx\/portal\/wp-content\/uploads\/2024\/10\/DULCE-YUNUEN-GARCIA-VENEGAS-edited-1024x1024.jpeg 1024w, https:\/\/tonala.gob.mx\/portal\/wp-content\/uploads\/2024\/10\/DULCE-YUNUEN-GARCIA-VENEGAS-edited-150x150.jpeg 150w, https:\/\/tonala.gob.mx\/portal\/wp-content\/uploads\/2024\/10\/DULCE-YUNUEN-GARCIA-VENEGAS-edited-768x768.jpeg 768w, https:\/\/tonala.gob.mx\/portal\/wp-content\/uploads\/2024\/10\/DULCE-YUNUEN-GARCIA-VENEGAS-edited-1536x1536.jpeg 1536w, https:\/\/tonala.gob.mx\/portal\/wp-content\/uploads\/2024\/10\/DULCE-YUNUEN-GARCIA-VENEGAS-edited-2048x2048.jpeg 2048w\" sizes=\"(max-width: 2560px) 100vw, 2560px\" \/><\/figure>\n\n\n\n<figure class=\"wp-block-image size-full\"><img decoding=\"async\" width=\"660\" height=\"184\" src=\"https:\/\/tonala.gob.mx\/portal\/wp-content\/uploads\/2024\/10\/LogoN_PRI.png\" alt=\"\" class=\"wp-image-36184\" srcset=\"https:\/\/tonala.gob.mx\/portal\/wp-content\/uploads\/2024\/10\/LogoN_PRI.png 660w, https:\/\/tonala.gob.mx\/portal\/wp-content\/uploads\/2024\/10\/LogoN_PRI-300x84.png 300w\" sizes=\"(max-width: 660px) 100vw, 660px\" \/><\/figure>\n\n\n\n<div style=\"height:100px\" aria-hidden=\"true\" class=\"wp-block-spacer\"><\/div>\n<\/div>\n\n\n\n<div class=\"wp-block-column is-layout-flow wp-block-column-is-layout-flow\">\n<p><strong>Sala de Regidores \u00abPRI\u00bb <\/strong> <br><br>Hidalgo #21 Colonia Tonal\u00e1 Centro, CP.45400<br><br>3335866000 EXT. 1048, 1049<br><br><strong>Correo electr\u00f3nico: <\/strong>\u00a0 reg.dulcegarcia@tonala.gob.mx<\/p>\n\n\n\n<p><a href=\"https:\/\/tonala.gob.mx\/portal\/wp-content\/uploads\/2021\/11\/DULCE-YUNUEN-GARCIA-VENEGAS-1.pdf\">Curriculum<\/a><\/p>\n\n\n\n<p><a href=\"https:\/\/portal-transparencia.tonala.gob.mx\/agenda-oficial-regidora-abogada-dulce-garcia-venegas\/\">Agenda<\/a><\/p>\n\n\n\n<p>Regidora presidenta de la comisi\u00f3n edilicia de Gobierno digital y promoci\u00f3n de la ciudad.<br><br>Vocal: Gobernaci\u00f3n, justicia, asuntos metropolitanos y fortalecimiento municipal.<br> <br>Vocal: Hacienda municipal y presupuestos.<br><br>Vocal: Obras publicas municipales.<br><br>Vocal: Servicios m\u00e9dicos, salubridad e higiene.<\/p>\n\n\n\n<p><\/p>\n<\/div>\n<\/div>\n\n\n\n<p><\/p>\n","protected":false},"excerpt":{"rendered":"<p>Sala de Regidores \u00abPRI\u00bb Hidalgo #21 Colonia Tonal\u00e1 Centro, CP.45400 3335866000 EXT. 1048, 1049 Correo electr\u00f3nico: \u00a0 reg.dulcegarcia@tonala.gob.mx Curriculum Agenda<\/p>\n","protected":false},"author":1,"featured_media":0,"parent":0,"menu_order":0,"comment_status":"closed","ping_status":"closed","template":"","meta":{"colormag_page_container_layout":"default_layout","colormag_page_sidebar_layout":"default_layout","footnotes":""},"class_list":["post-20213","page","type-page","status-publish","hentry"],"_links":{"self":[{"href":"https:\/\/tonala.gob.mx\/portal\/wp-json\/wp\/v2\/pages\/20213","targetHints":{"allow":["GET"]}}],"collection":[{"href":"https:\/\/tonala.gob.mx\/portal\/wp-json\/wp\/v2\/pages"}],"about":[{"href":"https:\/\/tonala.gob.mx\/portal\/wp-json\/wp\/v2\/types\/page"}],"author":[{"embeddable":true,"href":"https:\/\/tonala.gob.mx\/portal\/wp-json\/wp\/v2\/users\/1"}],"replies":[{"embeddable":true,"href":"https:\/\/tonala.gob.mx\/portal\/wp-json\/wp\/v2\/comments?post=20213"}],"version-history":[{"count":47,"href":"https:\/\/tonala.gob.mx\/portal\/wp-json\/wp\/v2\/pages\/20213\/revisions"}],"predecessor-version":[{"id":36963,"href":"https:\/\/tonala.gob.mx\/portal\/wp-json\/wp\/v2\/pages\/20213\/revisions\/36963"}],"wp:attachment":[{"href":"https:\/\/tonala.gob.mx\/portal\/wp-json\/wp\/v2\/media?parent=20213"}],"curies":[{"name":"wp","href":"https:\/\/api.w.org\/{rel}","templated":true}]}}