{"id":20204,"date":"2018-09-30T21:33:22","date_gmt":"2018-10-01T03:33:22","guid":{"rendered":"http:\/\/tonala.gob.mx\/portal\/?page_id=20204"},"modified":"2024-01-22T12:36:43","modified_gmt":"2024-01-22T18:36:43","slug":"alejandro-buenrostro-hernandez-2","status":"publish","type":"page","link":"https:\/\/tonala.gob.mx\/portal\/alejandro-buenrostro-hernandez-2\/","title":{"rendered":"ALEJANDRO BUENROSTRO HERN\u00c1NDEZ"},"content":{"rendered":"\n<figure class=\"wp-block-table alignleft\"><table><tbody><tr><td><img fetchpriority=\"high\" decoding=\"async\" width=\"400\" height=\"535\" class=\"wp-image-32839\" style=\"width: 400px;\" src=\"https:\/\/tonala.gob.mx\/portal\/wp-content\/uploads\/2021\/10\/ALEJANDRO-BUENROSTRO-scaled.jpg\" alt=\"\" srcset=\"https:\/\/tonala.gob.mx\/portal\/wp-content\/uploads\/2021\/10\/ALEJANDRO-BUENROSTRO-scaled.jpg 1915w, https:\/\/tonala.gob.mx\/portal\/wp-content\/uploads\/2021\/10\/ALEJANDRO-BUENROSTRO-224x300.jpg 224w, https:\/\/tonala.gob.mx\/portal\/wp-content\/uploads\/2021\/10\/ALEJANDRO-BUENROSTRO-766x1024.jpg 766w, https:\/\/tonala.gob.mx\/portal\/wp-content\/uploads\/2021\/10\/ALEJANDRO-BUENROSTRO-768x1026.jpg 768w, https:\/\/tonala.gob.mx\/portal\/wp-content\/uploads\/2021\/10\/ALEJANDRO-BUENROSTRO-1149x1536.jpg 1149w, https:\/\/tonala.gob.mx\/portal\/wp-content\/uploads\/2021\/10\/ALEJANDRO-BUENROSTRO-1532x2048.jpg 1532w\" sizes=\"(max-width: 400px) 100vw, 400px\" \/><\/td><td class=\"has-text-align-left\" data-align=\"left\">Tel\u00e9fono: 33 35 86 60 00 Ext.<br>Domicilio: Hidalgo 21 colonia Centro, Tonal\u00e1 Jalisco<br>reg.alejandrobuenrostro@tonala.gob.mx<br><a href=\"https:\/\/tonala.gob.mx\/portal\/wp-content\/uploads\/2021\/11\/ALEJANDRO-BUENROSTRO-HERNANDEZ.pdf\">Curriculum<\/a><br><a href=\"https:\/\/portal-transparencia.tonala.gob.mx\/agenda-oficial-regidor-dr-alejandro-buenrostro-hernandez\/\">Agenda<\/a><br><br>COMISIONES<br>PRESIDE<br><strong>Cultura, Educaci\u00f3n E Innovaci\u00f3n Tecnolog\u00eda<\/strong><br>VOCAL<br><strong>Medio Ambiente, Ecolog\u00eda, Saneamiento, Acci\u00f3n Contra La Contaminaci\u00f3n Y Cambio Clim\u00e1tico<\/strong><br><strong>Bienestar, Desarrollo, Asistencia Social Y Familiar<\/strong><br><strong>Seguridad Y Prevenci\u00f3n Ciudadana<\/strong><\/td><\/tr><\/tbody><\/table><\/figure>\n","protected":false},"excerpt":{"rendered":"<p>Tel\u00e9fono: 33 35 86 60 00 Ext.Domicilio: Hidalgo 21 colonia Centro, Tonal\u00e1 Jaliscoreg.alejandrobuenrostro@tonala.gob.mxCurriculumAgenda COMISIONESPRESIDECultura, Educaci\u00f3n E Innovaci\u00f3n Tecnolog\u00edaVOCALMedio Ambiente, Ecolog\u00eda,<\/p>\n","protected":false},"author":1,"featured_media":0,"parent":0,"menu_order":0,"comment_status":"closed","ping_status":"closed","template":"","meta":{"colormag_page_container_layout":"default_layout","colormag_page_sidebar_layout":"default_layout","footnotes":""},"class_list":["post-20204","page","type-page","status-publish","hentry"],"_links":{"self":[{"href":"https:\/\/tonala.gob.mx\/portal\/wp-json\/wp\/v2\/pages\/20204","targetHints":{"allow":["GET"]}}],"collection":[{"href":"https:\/\/tonala.gob.mx\/portal\/wp-json\/wp\/v2\/pages"}],"about":[{"href":"https:\/\/tonala.gob.mx\/portal\/wp-json\/wp\/v2\/types\/page"}],"author":[{"embeddable":true,"href":"https:\/\/tonala.gob.mx\/portal\/wp-json\/wp\/v2\/users\/1"}],"replies":[{"embeddable":true,"href":"https:\/\/tonala.gob.mx\/portal\/wp-json\/wp\/v2\/comments?post=20204"}],"version-history":[{"count":37,"href":"https:\/\/tonala.gob.mx\/portal\/wp-json\/wp\/v2\/pages\/20204\/revisions"}],"predecessor-version":[{"id":35181,"href":"https:\/\/tonala.gob.mx\/portal\/wp-json\/wp\/v2\/pages\/20204\/revisions\/35181"}],"wp:attachment":[{"href":"https:\/\/tonala.gob.mx\/portal\/wp-json\/wp\/v2\/media?parent=20204"}],"curies":[{"name":"wp","href":"https:\/\/api.w.org\/{rel}","templated":true}]}}