{"id":18564,"date":"2018-06-29T11:56:03","date_gmt":"2018-06-29T17:56:03","guid":{"rendered":"http:\/\/tonala.gob.mx\/portal\/?page_id=18564"},"modified":"2018-06-29T11:56:31","modified_gmt":"2018-06-29T17:56:31","slug":"bolsa-de-empleo","status":"publish","type":"page","link":"https:\/\/tonala.gob.mx\/portal\/bolsa-de-empleo\/","title":{"rendered":"Bolsa de Empleo"},"content":{"rendered":"<p><strong>(Actualizaci\u00f3n 29 Junio 2018)<\/strong><\/p>\n<p>Informaci\u00f3n para realizar este tr\u00e1mite.<\/p>\n<table>\n<tbody>\n<tr>\n<td><strong>Direcci\u00f3n:\u00a0<\/strong><\/td>\n<td>Direcci\u00f3n General de Promoci\u00f3n, Desarrollo Econ\u00f3mico Tur\u00edstico y Artesanal \u00abEmpleo Tonal\u00e1\u00bb<\/td>\n<\/tr>\n<tr>\n<td><strong>Domicilio:\u00a0<\/strong><\/td>\n<td>Av. Rio Nilo N\u00b0 8096 Col. Loma Dorada, Tonal\u00e1, Jalisco<\/td>\n<\/tr>\n<tr>\n<td><strong>Tel\u00e9fono para dar Seguimiento al tr\u00e1mite:\u00a0<\/strong><\/td>\n<td>\u00a038-37-37-90<\/td>\n<\/tr>\n<tr>\n<td><strong>\u00a0Nombre del tr\u00e1mite:<\/strong><\/td>\n<td>Bolsa de Empleo<\/td>\n<\/tr>\n<tr>\n<td><strong>Descripci\u00f3n:\u00a0<\/strong><\/td>\n<td>Vincular a los buscadores de empleo con las empresas registradas en la base de datos.<\/td>\n<\/tr>\n<tr>\n<td><strong>Costo del tr\u00e1mite:\u00a0<\/strong><\/td>\n<td>\u00a0Sin costo<\/td>\n<\/tr>\n<tr>\n<td><strong>Tiempo de respuesta:\u00a0<\/strong><\/td>\n<td>Inmediato<\/td>\n<\/tr>\n<tr>\n<td><strong>Responsable del tr\u00e1mite:\u00a0<\/strong><\/td>\n<td>Olga Lidia Trujillo Amezcua<\/td>\n<\/tr>\n<\/tbody>\n<\/table>\n","protected":false},"excerpt":{"rendered":"<p>(Actualizaci\u00f3n 29 Junio 2018) Informaci\u00f3n para realizar este tr\u00e1mite. Direcci\u00f3n:\u00a0 Direcci\u00f3n General de Promoci\u00f3n, Desarrollo Econ\u00f3mico Tur\u00edstico y Artesanal \u00abEmpleo<\/p>\n","protected":false},"author":1,"featured_media":0,"parent":0,"menu_order":0,"comment_status":"closed","ping_status":"closed","template":"","meta":{"colormag_page_container_layout":"default_layout","colormag_page_sidebar_layout":"default_layout","footnotes":""},"class_list":["post-18564","page","type-page","status-publish","hentry"],"_links":{"self":[{"href":"https:\/\/tonala.gob.mx\/portal\/wp-json\/wp\/v2\/pages\/18564","targetHints":{"allow":["GET"]}}],"collection":[{"href":"https:\/\/tonala.gob.mx\/portal\/wp-json\/wp\/v2\/pages"}],"about":[{"href":"https:\/\/tonala.gob.mx\/portal\/wp-json\/wp\/v2\/types\/page"}],"author":[{"embeddable":true,"href":"https:\/\/tonala.gob.mx\/portal\/wp-json\/wp\/v2\/users\/1"}],"replies":[{"embeddable":true,"href":"https:\/\/tonala.gob.mx\/portal\/wp-json\/wp\/v2\/comments?post=18564"}],"version-history":[{"count":2,"href":"https:\/\/tonala.gob.mx\/portal\/wp-json\/wp\/v2\/pages\/18564\/revisions"}],"predecessor-version":[{"id":18566,"href":"https:\/\/tonala.gob.mx\/portal\/wp-json\/wp\/v2\/pages\/18564\/revisions\/18566"}],"wp:attachment":[{"href":"https:\/\/tonala.gob.mx\/portal\/wp-json\/wp\/v2\/media?parent=18564"}],"curies":[{"name":"wp","href":"https:\/\/api.w.org\/{rel}","templated":true}]}}