{"id":17952,"date":"2018-05-31T12:30:56","date_gmt":"2018-05-31T18:30:56","guid":{"rendered":"http:\/\/tonala.gob.mx\/portal\/?page_id=17952"},"modified":"2018-05-31T12:30:56","modified_gmt":"2018-05-31T18:30:56","slug":"alumbrado-publico-atencion-quejas-de-alumbrado-publico","status":"publish","type":"page","link":"https:\/\/tonala.gob.mx\/portal\/alumbrado-publico-atencion-quejas-de-alumbrado-publico\/","title":{"rendered":"Alumbrado P\u00fablico Atenci\u00f3n  Quejas de Alumbrado Publico"},"content":{"rendered":"<p><strong>(Actualizaci\u00f3n 31 Mayo 2018)<\/strong><\/p>\n<p>Informaci\u00f3n para Realizar este tr\u00e1mite.<\/p>\n<table>\n<tbody>\n<tr>\n<td>Direcci\u00f3n:<\/td>\n<td>\u00a0Direcci\u00f3n de Servicios Generales, Jefatura de Alumbrado P\u00fablico<\/td>\n<\/tr>\n<tr>\n<td>Domicilio:<\/td>\n<td>Pedro Moreno 229, Centro<br \/>\nTonal\u00e1<\/td>\n<\/tr>\n<tr>\n<td>Tel\u00e9fono para dar seguimiento al tr\u00e1mite:<\/td>\n<td><\/td>\n<\/tr>\n<tr>\n<td>Nombre del tr\u00e1mite:<\/td>\n<td>Alumbrado P\u00fablico Atenci\u00f3n\u00a0 Quejas de Alumbrado Publico<\/td>\n<\/tr>\n<tr>\n<td>Descripci\u00f3n:<\/td>\n<td>Dar Soluci\u00f3n a los Reportes Ciudadanos en Relaci\u00f3n al Alumbrado P\u00fablico del Municipio.<\/td>\n<\/tr>\n<tr>\n<td>Costo del Tr\u00e1mite:<\/td>\n<td><\/td>\n<\/tr>\n<tr>\n<td>Tiempo de Respuesta:<\/td>\n<td><\/td>\n<\/tr>\n<tr>\n<td>Responsable del Tr\u00e1mite:<\/td>\n<td><\/td>\n<\/tr>\n<\/tbody>\n<\/table>\n","protected":false},"excerpt":{"rendered":"<p>(Actualizaci\u00f3n 31 Mayo 2018) Informaci\u00f3n para Realizar este tr\u00e1mite. Direcci\u00f3n: \u00a0Direcci\u00f3n de Servicios Generales, Jefatura de Alumbrado P\u00fablico Domicilio: Pedro<\/p>\n","protected":false},"author":1,"featured_media":0,"parent":0,"menu_order":0,"comment_status":"closed","ping_status":"closed","template":"","meta":{"colormag_page_container_layout":"default_layout","colormag_page_sidebar_layout":"default_layout","footnotes":""},"class_list":["post-17952","page","type-page","status-publish","hentry"],"_links":{"self":[{"href":"https:\/\/tonala.gob.mx\/portal\/wp-json\/wp\/v2\/pages\/17952","targetHints":{"allow":["GET"]}}],"collection":[{"href":"https:\/\/tonala.gob.mx\/portal\/wp-json\/wp\/v2\/pages"}],"about":[{"href":"https:\/\/tonala.gob.mx\/portal\/wp-json\/wp\/v2\/types\/page"}],"author":[{"embeddable":true,"href":"https:\/\/tonala.gob.mx\/portal\/wp-json\/wp\/v2\/users\/1"}],"replies":[{"embeddable":true,"href":"https:\/\/tonala.gob.mx\/portal\/wp-json\/wp\/v2\/comments?post=17952"}],"version-history":[{"count":1,"href":"https:\/\/tonala.gob.mx\/portal\/wp-json\/wp\/v2\/pages\/17952\/revisions"}],"predecessor-version":[{"id":17953,"href":"https:\/\/tonala.gob.mx\/portal\/wp-json\/wp\/v2\/pages\/17952\/revisions\/17953"}],"wp:attachment":[{"href":"https:\/\/tonala.gob.mx\/portal\/wp-json\/wp\/v2\/media?parent=17952"}],"curies":[{"name":"wp","href":"https:\/\/api.w.org\/{rel}","templated":true}]}}