{"id":17917,"date":"2018-05-31T10:13:46","date_gmt":"2018-05-31T16:13:46","guid":{"rendered":"http:\/\/tonala.gob.mx\/portal\/?page_id=17917"},"modified":"2018-05-31T10:13:46","modified_gmt":"2018-05-31T16:13:46","slug":"inhumaciones","status":"publish","type":"page","link":"https:\/\/tonala.gob.mx\/portal\/inhumaciones\/","title":{"rendered":"Inhumaciones"},"content":{"rendered":"<p><strong>(Actualizaci\u00f3n 31 Mayo 2018)<\/strong><\/p>\n<p>Informaci\u00f3n para realizar este tr\u00e1mite.<\/p>\n<table>\n<tbody>\n<tr>\n<td>Direcci\u00f3n:<\/td>\n<td>Jefatura de Cementerios<\/td>\n<\/tr>\n<tr>\n<td>Domicilio:<\/td>\n<td>Prolongaci\u00f3n Morelos 299, Centro<br \/>\nTonal\u00e1, Jalisco<\/td>\n<\/tr>\n<tr>\n<td>Tel\u00e9fono para dar seguimiento al tr\u00e1mite:<\/td>\n<td><\/td>\n<\/tr>\n<tr>\n<td>Nombre del Tr\u00e1mite:<\/td>\n<td>Inhumaciones<\/td>\n<\/tr>\n<tr>\n<td>Descripci\u00f3n<\/td>\n<td>Para sepultar a una persona<\/td>\n<\/tr>\n<tr>\n<td>Costo del Tr\u00e1mite:<\/td>\n<td><\/td>\n<\/tr>\n<tr>\n<td>Tiempo de Respuesta:<\/td>\n<td><\/td>\n<\/tr>\n<tr>\n<td>Responsable del Tr\u00e1mite:<\/td>\n<td><\/td>\n<\/tr>\n<\/tbody>\n<\/table>\n","protected":false},"excerpt":{"rendered":"<p>(Actualizaci\u00f3n 31 Mayo 2018) Informaci\u00f3n para realizar este tr\u00e1mite. Direcci\u00f3n: Jefatura de Cementerios Domicilio: Prolongaci\u00f3n Morelos 299, Centro Tonal\u00e1, Jalisco<\/p>\n","protected":false},"author":1,"featured_media":0,"parent":0,"menu_order":0,"comment_status":"closed","ping_status":"closed","template":"","meta":{"colormag_page_container_layout":"default_layout","colormag_page_sidebar_layout":"default_layout","footnotes":""},"class_list":["post-17917","page","type-page","status-publish","hentry"],"_links":{"self":[{"href":"https:\/\/tonala.gob.mx\/portal\/wp-json\/wp\/v2\/pages\/17917","targetHints":{"allow":["GET"]}}],"collection":[{"href":"https:\/\/tonala.gob.mx\/portal\/wp-json\/wp\/v2\/pages"}],"about":[{"href":"https:\/\/tonala.gob.mx\/portal\/wp-json\/wp\/v2\/types\/page"}],"author":[{"embeddable":true,"href":"https:\/\/tonala.gob.mx\/portal\/wp-json\/wp\/v2\/users\/1"}],"replies":[{"embeddable":true,"href":"https:\/\/tonala.gob.mx\/portal\/wp-json\/wp\/v2\/comments?post=17917"}],"version-history":[{"count":1,"href":"https:\/\/tonala.gob.mx\/portal\/wp-json\/wp\/v2\/pages\/17917\/revisions"}],"predecessor-version":[{"id":17918,"href":"https:\/\/tonala.gob.mx\/portal\/wp-json\/wp\/v2\/pages\/17917\/revisions\/17918"}],"wp:attachment":[{"href":"https:\/\/tonala.gob.mx\/portal\/wp-json\/wp\/v2\/media?parent=17917"}],"curies":[{"name":"wp","href":"https:\/\/api.w.org\/{rel}","templated":true}]}}