{"id":17745,"date":"2018-05-28T08:00:59","date_gmt":"2018-05-28T14:00:59","guid":{"rendered":"http:\/\/tonala.gob.mx\/portal\/?page_id=17745"},"modified":"2018-10-22T14:03:37","modified_gmt":"2018-10-22T20:03:37","slug":"los-tratados-y-convenciones-internacionales-suscritas-por-mexico","status":"publish","type":"page","link":"https:\/\/tonala.gob.mx\/portal\/los-tratados-y-convenciones-internacionales-suscritas-por-mexico\/","title":{"rendered":"Los tratados y convenciones internacionales suscritas por M\u00e9xico;"},"content":{"rendered":"<p><strong>(Actualizaci\u00f3n 18 Octubre 2018)<\/strong><\/p>\n<table>\n<tbody>\n<tr>\n<td style=\"text-align: center;\"><strong>Los tratados y convenciones internacionales suscritas por M\u00e9xico<\/strong><\/td>\n<\/tr>\n<tr>\n<td>\n<p style=\"text-align: center;\"><a href=\"https:\/\/tonala.gob.mx\/portal\/wp-content\/uploads\/2018\/10\/Convenci\u00f3n-Americana-sobre-Derechos-Humanos.pdf\" target=\"_blank\">Convenci\u00f3n Americana Sobre Derechos Humanos<\/a><\/p>\n<p style=\"text-align: center;\"><a href=\"https:\/\/tonala.gob.mx\/portal\/wp-content\/uploads\/2018\/10\/Convenci\u00f3n-contra-la-Tortura-y-otros-Tratos-Crueles.pdf\" target=\"_blank\">Convenci\u00f3n Contra la Tortura y Otros Tratos o Penas Crueles Inhumanos o Desagradables<\/a><\/p>\n<p style=\"text-align: center;\"><a href=\"https:\/\/tonala.gob.mx\/portal\/wp-content\/uploads\/2018\/10\/Convenci\u00f3n-Interamericana-para-Prevenir-y-Sancionar-la-Tortura.pdf\" target=\"_blank\">Convenci\u00f3n Interamericana para Prevenir y Sancionar la Tortura<\/a><\/p>\n<p style=\"text-align: center;\"><a href=\"https:\/\/tonala.gob.mx\/portal\/wp-content\/uploads\/2018\/10\/Convenci\u00f3n-Interamericana-sobre-la-Desaparici\u00f3n-Forzada-de-Personas.pdf\" target=\"_blank\">Convenci\u00f3n Interamericana sobre la Desaparici\u00f3n Forzada de Personas<\/a><\/p>\n<p style=\"text-align: center;\"><a href=\"https:\/\/tonala.gob.mx\/portal\/wp-content\/uploads\/2018\/10\/Convenci\u00f3n-Internacional-para-la-Protecci\u00f3n-de-Todas-las-Personas-Contra-las-Desapariciones-Forzadas.pdf\" target=\"_blank\">Convenci\u00f3n Internacional para la Protecci\u00f3n de todas las Personas contra las Desapariciones Forzadas<\/a><\/p>\n<p style=\"text-align: center;\"><a href=\"https:\/\/tonala.gob.mx\/portal\/wp-content\/uploads\/2018\/10\/Convenci\u00f3n-Internacional-Sobre-la-Eliminaci\u00f3n-de-Todas-las-Formas-de-Discriminaci\u00f3n-Racial.pdf\" target=\"_blank\">Convenci\u00f3n Internacional sobre la Eliminaci\u00f3n de todas las Formas de Discriminaci\u00f3n Racial<\/a><\/p>\n<p style=\"text-align: center;\"><a href=\"https:\/\/tonala.gob.mx\/portal\/wp-content\/uploads\/2018\/10\/Convenci\u00f3n-Internacional-Sobre-la-Protecci\u00f3n-de-los-Derechos-de-todos-los-Trabajadores-Migratorios-y-de-sus-Familiares.pdf\" target=\"_blank\">Convenci\u00f3n Internacional sobre la Protecci\u00f3n de los Derechos de todos los Trabajadores Migratorios y de sus Familiares<\/a><\/p>\n<p style=\"text-align: center;\"><a href=\"https:\/\/tonala.gob.mx\/portal\/wp-content\/uploads\/2018\/10\/Convenci\u00f3n-sobre-la-Eliminaci\u00f3n-de-todas-las-Formas-de-Discriminaci\u00f3n-Contra-la-Mujer.pdf\" target=\"_blank\">Convenci\u00f3n sobre la Eliminaci\u00f3n de todas las Formas de Discriminaci\u00f3n Contra la Mujer\u00a0<\/a><\/p>\n<p style=\"text-align: center;\"><a href=\"https:\/\/tonala.gob.mx\/portal\/wp-content\/uploads\/2018\/10\/Convenci\u00f3n-sobre-los-Derechos-de-las-Personas-con-Discapacidad.pdf\" target=\"_blank\">Convenci\u00f3n sobre los Derechos de las Personas con Discapacidad<\/a><\/p>\n<p style=\"text-align: center;\"><a href=\"https:\/\/tonala.gob.mx\/portal\/wp-content\/uploads\/2018\/10\/Convenci\u00f3n-Sobre-los-Derechos-del-Ni\u00f1o.pdf\" target=\"_blank\">Convenci\u00f3n sobre los Derechos del Ni\u00f1o<\/a><\/p>\n<p style=\"text-align: center;\"><a href=\"https:\/\/tonala.gob.mx\/portal\/wp-content\/uploads\/2018\/10\/Convenio-sobre-los-Aspectos-Civiles-de-la-Sustracci\u00f3n-Internacional-de-Menores-Republica-Dominicana.pdf\" target=\"_blank\">Convenio sobre los Aspectos Civiles de la Sustracci\u00f3n Internacional de Menores<\/a><\/p>\n<p style=\"text-align: center;\"><a href=\"https:\/\/tonala.gob.mx\/portal\/wp-content\/uploads\/2018\/10\/Declaracion_Open_Governtment.pdf\">Declaraci\u00f3n sobre Gobierno Abierto<\/a><\/p>\n<p style=\"text-align: center;\"><a href=\"https:\/\/tonala.gob.mx\/portal\/wp-content\/uploads\/2018\/10\/Declaraci\u00f3n-Universal-de-Derechos-Humanos.pdf\" target=\"_blank\">Declaraci\u00f3n Universal de Derechos Humanos\u00a0<\/a><\/p>\n<p style=\"text-align: center;\"><a href=\"https:\/\/tonala.gob.mx\/portal\/wp-content\/uploads\/2018\/10\/EUA-M\u00c9X-VEH\u00cdCULOS-ROBADOS.pdf\" target=\"_blank\">Convenci\u00f3n entre los Estados Unidos Mexicanos y los Estados Unidos\u00a0de Am\u00e9rica para la Recuperaci\u00f3n y Devoluci\u00f3n de Veh\u00edculos y Aeronaves Robados e Materia de Disposici\u00f3n Il\u00edcita<\/a><\/p>\n<p style=\"text-align: center;\"><a href=\"https:\/\/tonala.gob.mx\/portal\/wp-content\/uploads\/2018\/10\/LEY-SOBRE-CELEBRACION-DE-TRATADOS.doc\">Ley Sobre la Celebraci\u00f3n de Tratados<\/a><\/p>\n<p style=\"text-align: center;\"><a href=\"https:\/\/tonala.gob.mx\/portal\/wp-content\/uploads\/2018\/10\/Pacto-Internacional-de-Derechos-Civiles-y-Pol\u00edticos.pdf\" target=\"_blank\">Pacto Internacional de Derechos Civiles y Pol\u00edticos<\/a><\/p>\n<p style=\"text-align: center;\"><a href=\"https:\/\/tonala.gob.mx\/portal\/wp-content\/uploads\/2018\/10\/Tratado-de-Arbitraje-Obligatoria.pdf\">Tratado de Arbitraje Obligatorio<\/a><\/p>\n<p style=\"text-align: center;\"><a href=\"https:\/\/tonala.gob.mx\/portal\/wp-content\/uploads\/2018\/10\/Tratado-Sobre-La-Protecci\u00f3n-de-Muebles-de-Valor-Historico.pdf\">Tratado sobre la Protecci\u00f3n de Muebles de Valor Hist\u00f3rico\u00a0<\/a><\/p>\n<\/td>\n<\/tr>\n<\/tbody>\n<\/table>\n<p>&nbsp;<\/p>\n<table>\n<tbody>\n<tr>\n<td style=\"text-align: center;\"><strong>Los tratados y convenciones internacionales suscritas por M\u00e9xico<\/strong><\/td>\n<\/tr>\n<tr>\n<td style=\"text-align: center;\">\u00a0<a class=\"nonblock\" href=\"https:\/\/tonala.gob.mx\/portal\/assets\/tratados_b-32_convencion_americana_sobre_derechos_humanos.pdf\" data-href=\"upload:U2341\">Convenci\u00f3n americana sobre derechos humanos Tratados<\/a><\/p>\n<p id=\"u1238-113\" style=\"text-align: center;\"><a class=\"nonblock\" href=\"https:\/\/tonala.gob.mx\/portal\/assets\/pactointernacionalderechoscivilespoliticos.pdf\" data-href=\"upload:U2343\">Pacto internacional de derechos civiles pol\u00edticos<\/a><\/p>\n<p id=\"u1238-116\" style=\"text-align: center;\"><a class=\"nonblock\" href=\"https:\/\/tonala.gob.mx\/portal\/assets\/declaracionuniversalderechoshumanos.pdf\" data-href=\"upload:U2345\">Declaraci\u00f3n universal de derechos humanos \u201cPacto San Jose de Costa Rica\u201d<\/a><\/p>\n<p id=\"u1238-119\" style=\"text-align: center;\"><a class=\"nonblock\" href=\"https:\/\/tonala.gob.mx\/portal\/assets\/declaraciongobiernoabierto.pdf\" data-href=\"upload:U2347\">Declaraci\u00f3n gobierno abierto<\/a><\/p>\n<p id=\"u1238-122\" style=\"text-align: center;\"><a class=\"nonblock\" href=\"https:\/\/tonala.gob.mx\/portal\/assets\/convencionderechosnino.pdf\" data-href=\"upload:U2349\">La convenci\u00f3n sobre los derechos del ni\u00f1o<\/a><\/p>\n<\/td>\n<\/tr>\n<\/tbody>\n<\/table>\n<p><strong>Fecha de actualizaci\u00f3n corresponde a modificaciones del apartado<\/strong><\/p>\n","protected":false},"excerpt":{"rendered":"<p>(Actualizaci\u00f3n 18 Octubre 2018) Los tratados y convenciones internacionales suscritas por M\u00e9xico Convenci\u00f3n Americana Sobre Derechos Humanos Convenci\u00f3n Contra la<\/p>\n","protected":false},"author":1,"featured_media":0,"parent":0,"menu_order":0,"comment_status":"closed","ping_status":"closed","template":"","meta":{"colormag_page_container_layout":"default_layout","colormag_page_sidebar_layout":"default_layout","footnotes":""},"class_list":["post-17745","page","type-page","status-publish","hentry"],"_links":{"self":[{"href":"https:\/\/tonala.gob.mx\/portal\/wp-json\/wp\/v2\/pages\/17745","targetHints":{"allow":["GET"]}}],"collection":[{"href":"https:\/\/tonala.gob.mx\/portal\/wp-json\/wp\/v2\/pages"}],"about":[{"href":"https:\/\/tonala.gob.mx\/portal\/wp-json\/wp\/v2\/types\/page"}],"author":[{"embeddable":true,"href":"https:\/\/tonala.gob.mx\/portal\/wp-json\/wp\/v2\/users\/1"}],"replies":[{"embeddable":true,"href":"https:\/\/tonala.gob.mx\/portal\/wp-json\/wp\/v2\/comments?post=17745"}],"version-history":[{"count":5,"href":"https:\/\/tonala.gob.mx\/portal\/wp-json\/wp\/v2\/pages\/17745\/revisions"}],"predecessor-version":[{"id":21380,"href":"https:\/\/tonala.gob.mx\/portal\/wp-json\/wp\/v2\/pages\/17745\/revisions\/21380"}],"wp:attachment":[{"href":"https:\/\/tonala.gob.mx\/portal\/wp-json\/wp\/v2\/media?parent=17745"}],"curies":[{"name":"wp","href":"https:\/\/api.w.org\/{rel}","templated":true}]}}