{"id":174,"date":"2015-10-29T17:51:45","date_gmt":"2015-10-29T17:51:45","guid":{"rendered":"http:\/\/tonala.gob.mx\/portal\/?page_id=174"},"modified":"2016-12-06T13:32:36","modified_gmt":"2016-12-06T19:32:36","slug":"fiestas-y-tradiciones","status":"publish","type":"page","link":"https:\/\/tonala.gob.mx\/portal\/fiestas-y-tradiciones\/","title":{"rendered":"Fiestas y Tradiciones"},"content":{"rendered":"<p style=\"text-align: justify;\"><b>Fiestas Populares<\/b><\/p>\n<p style=\"text-align: justify;\"><strong>Fiesta de la Santa Cruz<\/strong><\/p>\n<p style=\"text-align: justify;\">Se efect\u00faan del 3 al 15 de mayo; durante este lapso se realizan procesiones cada d\u00eda en los barrios que tienen cruz, adem\u00e1s se acompa\u00f1an con bandas musicales y danzas aut\u00f3ctonas; por las noches los juegos\u00a0 artificiales dan gran colorido y animaci\u00f3n.<\/p>\n<p style=\"text-align: justify;\"><strong>Fiestas en honor al Santo Santiago<\/strong><\/p>\n<p style=\"text-align: justify;\">Santo Santiago quien es el patrono del pueblo, es festejado el d\u00eda 25 de Julio. Dichas fiestas tienen duraci\u00f3n de una semana, durante la cual se realizan danzas como las de los Tastoanes y matachines; hay bandas musicales y por la noche, juegos artificiales y kermes.<\/p>\n<p style=\"text-align: justify;\">En la tradicional danza de Los Tastoanes se representa, en forma simb\u00f3lica, la batalla que libraron los ind\u00edgenas tonaltecas con los conquistadores espa\u00f1oles. Uno de los principales personajes es el del Santo Santiago quien, seg\u00fan la tradici\u00f3n, hizo su aparici\u00f3n en esta lucha y ante quien los guerreros ind\u00edgenas pusieron en juego sus habilidades.<\/p>\n<p style=\"text-align: justify;\"><strong>Fiestas Patrias<\/strong><\/p>\n<p style=\"text-align: justify;\">El d\u00eda 16 de Septiembre se celebran las fiestas patrias con presentaci\u00f3n de bandas musicales, danzas folkl\u00f3ricas, desfile de carros aleg\u00f3ricos, jaripeos, charreadas, mojigangas, carreras de caballos y de burros; en la noche se pueden admirar los juegos pirot\u00e9cnicos y juegos mec\u00e1nicos.<\/p>\n<p style=\"text-align: justify;\"><strong>Festejo a la Virgen de Guadalupe<\/strong><\/p>\n<p style=\"text-align: justify;\">La festividad de la Virgen de Guadalupe se festeja con una peregrinaci\u00f3n al Cerro de la Reina, el d\u00eda 12 de Diciembre.<\/p>\n<p style=\"text-align: justify;\"><b>Tradiciones y Costumbres<\/b><\/p>\n<p style=\"text-align: justify;\"><strong>Cuaresma<\/strong><\/p>\n<p style=\"text-align: justify;\">En el d\u00eda de Nuestra Se\u00f1ora de los Dolores se acostumbra construir altares en su honor y se obsequia agua y comida a los peregrinos que acuden a visitarlos.<\/p>\n<p style=\"text-align: justify;\"><strong>D\u00eda de Muertos<\/strong><\/p>\n<p style=\"text-align: justify;\">El d\u00eda 2 de noviembre, d\u00eda de los Fieles Difuntos, todo el pueblo acude al pante\u00f3n a visitar a sus muertos, decorando para ellos el camposanto.<\/p>\n<p style=\"text-align: justify;\"><strong>Danza de los Tastoanes<\/strong><\/p>\n<p style=\"text-align: justify;\">Esta danza se origina en la \u00e9poca de la colonia y tiene como significado la lucha de los ind\u00edgenas Tonaltecas contra Santo Santiago. La danza de los Tastoanes es lo que hace \u00fanico a este festival tan tradicional en Tonal\u00e1, adem\u00e1s de su vestimenta. La palabra Tastoan viene de la voz n\u00e1huatl, \u201cTlatoani\u201d que significa \u201clos se\u00f1ores, los que tienen la autoridad de mandar\u201d.<\/p>\n<p style=\"text-align: justify;\">Los Tastoanes se caracterizan por los gritos de AIXCAQUEMA que quiere decir \u201chasta tu muerte o la m\u00eda\u201d. Los bailes de los Tastoanes son acompa\u00f1ados de chirim\u00edas, instrumento musical de viento hecho de madera y parecido al clarinete.<\/p>\n<p style=\"text-align: justify;\"><strong>M\u00e1scara de Tastoan<\/strong><\/p>\n<p style=\"text-align: justify;\"><img fetchpriority=\"high\" decoding=\"async\" class=\"wp-image-861 size-medium alignleft\" src=\"https:\/\/tonala.gob.mx\/portal\/wp-content\/uploads\/2015\/11\/mascara1-300x225.jpg\" alt=\"mascara\" width=\"300\" height=\"225\" srcset=\"https:\/\/tonala.gob.mx\/portal\/wp-content\/uploads\/2015\/11\/mascara1-300x225.jpg 300w, https:\/\/tonala.gob.mx\/portal\/wp-content\/uploads\/2015\/11\/mascara1.jpg 1000w\" sizes=\"(max-width: 300px) 100vw, 300px\" \/>La m\u00e1scara de un Tastoan es el elemento principal ya que es lo que identifica su atuendo. Con ellas se representan rostros de humanos deformes por la viruela y llagas, algunas de estas tambi\u00e9n se encuentran con caracter\u00edsticas de animales como de perros, gatos, lobos o cualquier otro tipo de animal y son decoradas con serpientes, alacranes y ara\u00f1as.<\/p>\n<p style=\"text-align: justify;\">Pertenecientes a la regi\u00f3n del Xictepetl (Cerro del Hombligo), hoy llamado Cerro de la Reina. Algunas m\u00e1scaras est\u00e1n pintadas como si tuviesen heridas, estas representan los golpes dados por el Santo Santiago, expresando dolor. Las m\u00e1scaras cuentan con una cabellera larga, las cuales est\u00e1n hechas por lo regular de fibra de maguey, Ixtle o colas de caballo y vaca.<\/p>\n<p style=\"text-align: justify;\"><strong>D\u00eda del Mestizaje<\/strong><\/p>\n<p style=\"text-align: justify;\">Entre danzas, rezos y algarab\u00eda, del 22 al 25 de marzo las calles de Tonal\u00e1 son mudos testigos de la fe y la espiritualidad, en especial el andador de la Cruz Blanca que se viste de color y alegr\u00eda. A los festejos se une la Presidencia Municipal con la tradicional quema de castillo y ceremonia al albor del d\u00eda feriado.<\/p>\n<p style=\"text-align: justify;\"><strong>Pastorelas de Santa Cruz de las Huertas<\/strong><\/p>\n<p style=\"text-align: justify;\">Mezcla de sincretismo entre las antiguas representaciones teatrales de los pueblos ind\u00edgenas que funcionaban como rituales y f\u00f3rmulas de evangelizaci\u00f3n cristiana, las pastorelas tienen una utilidad comunitaria. En Santa Cruz de las Huertas la tradici\u00f3n de las pastorelas es antigua.<\/p>\n<p style=\"text-align: justify;\"><b>Leyendas<\/b><\/p>\n<ul style=\"text-align: justify;\">\n<li>La leyenda m\u00e1s conocida es la del \u201cCerro de la Reina\u201d, el cual se refiere a la existencia de un enorme tesoro en donde anteriormente tuvo su trono la reina Cihualpilli.<\/li>\n<\/ul>\n<ul>\n<li style=\"text-align: justify;\">Existe la leyenda que narra la aparici\u00f3n del Santo Santiago en mitad del enfrentamiento armado que sostuvieron las huestes espa\u00f1olas, encabezadas por Nu\u00f1o de Guzm\u00e1n, contra los naturales de estas tierras en Marzo de 1530. El santo se uni\u00f3 a la pelea combatiendo a los guerreros ind\u00edgenas, quienes heridos y maltrechos fueron dejados como ejemplo de poder\u00edo espa\u00f1ol.<\/li>\n<\/ul>\n","protected":false},"excerpt":{"rendered":"<p>Fiestas Populares Fiesta de la Santa Cruz Se efect\u00faan del 3 al 15 de mayo; durante este lapso se realizan<\/p>\n","protected":false},"author":1,"featured_media":0,"parent":0,"menu_order":0,"comment_status":"closed","ping_status":"closed","template":"","meta":{"colormag_page_container_layout":"no_sidebar_full_width","colormag_page_sidebar_layout":"right_sidebar","footnotes":""},"class_list":["post-174","page","type-page","status-publish","hentry"],"_links":{"self":[{"href":"https:\/\/tonala.gob.mx\/portal\/wp-json\/wp\/v2\/pages\/174","targetHints":{"allow":["GET"]}}],"collection":[{"href":"https:\/\/tonala.gob.mx\/portal\/wp-json\/wp\/v2\/pages"}],"about":[{"href":"https:\/\/tonala.gob.mx\/portal\/wp-json\/wp\/v2\/types\/page"}],"author":[{"embeddable":true,"href":"https:\/\/tonala.gob.mx\/portal\/wp-json\/wp\/v2\/users\/1"}],"replies":[{"embeddable":true,"href":"https:\/\/tonala.gob.mx\/portal\/wp-json\/wp\/v2\/comments?post=174"}],"version-history":[{"count":9,"href":"https:\/\/tonala.gob.mx\/portal\/wp-json\/wp\/v2\/pages\/174\/revisions"}],"predecessor-version":[{"id":7832,"href":"https:\/\/tonala.gob.mx\/portal\/wp-json\/wp\/v2\/pages\/174\/revisions\/7832"}],"wp:attachment":[{"href":"https:\/\/tonala.gob.mx\/portal\/wp-json\/wp\/v2\/media?parent=174"}],"curies":[{"name":"wp","href":"https:\/\/api.w.org\/{rel}","templated":true}]}}