{"id":17069,"date":"2018-05-07T09:17:38","date_gmt":"2018-05-07T15:17:38","guid":{"rendered":"http:\/\/tonala.gob.mx\/portal\/?page_id=17069"},"modified":"2018-05-21T08:45:55","modified_gmt":"2018-05-21T14:45:55","slug":"los-guardianes-del-reino-tonallan","status":"publish","type":"page","link":"https:\/\/tonala.gob.mx\/portal\/los-guardianes-del-reino-tonallan\/","title":{"rendered":"Tonallan Hueytlatoc\u00e1yotl Itlapixcau"},"content":{"rendered":"<div class=\"page\" title=\"Page 1\">\n<div class=\"section\">\n<div class=\"layoutArea\">\n<div class=\"column\">\n<p style=\"text-align: center;\"><iframe src=\"https:\/\/www.youtube.com\/embed\/hDtHSS1ovF4?rel=0&amp;showinfo=0\" width=\"560\" height=\"315\" frameborder=\"0\" allowfullscreen=\"allowfullscreen\"><\/iframe><\/p>\n<p style=\"text-align: center;\"><strong>Tonallan Hueytlatoc\u00e1yotl Itlapixcau <\/strong><\/p>\n<p style=\"text-align: center;\"><strong>Los Guardianes del Reino Tonallan<\/strong><\/p>\n<\/div>\n<\/div>\n<\/div>\n<div class=\"section\" style=\"text-align: center;\"><\/div>\n<div class=\"section\" style=\"text-align: center;\">\n<div class=\"layoutArea\">\n<div class=\"column\">\n<p>Tlapiani Tlalli:Guardi\u00e1n de la tierra, Tlapiani Atl: Guardi\u00e1n del agua,<\/p>\n<\/div>\n<\/div>\n<\/div>\n<div class=\"section\" style=\"text-align: center;\">\n<div class=\"layoutArea\">\n<div class=\"column\">\n<p>Tlapian i Tletl: Guardi\u00e1n del fuego, Tlapiani Ehecatl : Guardi\u00e1n del viento.<\/p>\n<\/div>\n<\/div>\n<\/div>\n<div class=\"section\" style=\"text-align: center;\"><\/div>\n<div class=\"section\" style=\"text-align: center;\">\n<div class=\"layoutArea\">\n<div class=\"column\">\n<p>Personajes mitol\u00f3gicos del M\u00e9xico antiguo, seres de poder y de profunda meditaci\u00f3n siendo elegidos desde su nacimiento, por un eclipse en conjunci\u00f3n con Venus, la Tierra y el Sol. Iniciados con una profunda disciplina, enfocada en aclarar su tonal desde temprana eda d, N ahuales pers onajes de sabidur\u00eda y due\u00f1os del silencio interno. Guardianes que proteg\u00edan a Tonallan , destacando como fuertes guerreros y l\u00edderes de grandes batallas.<\/p>\n<\/div>\n<\/div>\n<\/div>\n<div class=\"section\" style=\"text-align: center;\">\n<div class=\"layoutArea\">\n<div class=\"column\">\n<p>Representantes de los elementos que dan origen a la arcilla transformada.<\/p>\n<\/div>\n<\/div>\n<\/div>\n<div class=\"section\" style=\"text-align: center;\"><\/div>\n<div class=\"section\" style=\"text-align: center;\">\n<hr \/>\n<\/div>\n<div class=\"section\" style=\"text-align: center;\">\n<div class=\"layoutArea\">\n<div class=\"column\">\n<p><strong>The Guardians Of Tonallan Kingdom<\/strong><\/p>\n<\/div>\n<\/div>\n<\/div>\n<div class=\"section\" style=\"text-align: center;\"><\/div>\n<div class=\"section\" style=\"text-align: center;\">\n<div class=\"layoutArea\">\n<div class=\"column\">\n<p>Tlapiani Tlalli: Guardian of Earth, Tlapiani Atl: Guardian of Water ,<\/p>\n<\/div>\n<\/div>\n<\/div>\n<div class=\"section\" style=\"text-align: center;\">\n<div class=\"layoutArea\">\n<div class=\"column\">\n<p>Tlapiani Tletl: Guardian of Fire, Tlapiani Ehecatl: Guardian of Wind.<\/p>\n<\/div>\n<\/div>\n<\/div>\n<div class=\"section\" style=\"text-align: center;\"><\/div>\n<div class=\"section\" style=\"text-align: center;\">\n<div class=\"layoutArea\">\n<div class=\"column\">\n<p>Mythical characters from ancient Mexico, beings of power , Nahuales sent from the gods. They all were cho sen at birth by an eclipse, an alignment of Venus, the Earth and the Sun. Initiated with a deep discipline since their early years, these wise beings were the keepers of the silence; guardians of Tonallan, were recognized warriors and leaders in great batt les.<\/p>\n<\/div>\n<\/div>\n<\/div>\n<div class=\"section\" style=\"text-align: center;\">\n<div class=\"layoutArea\">\n<div class=\"column\">\n<p>Representatives the four elements that gave life to the crafter&#8217;s clay.<\/p>\n<\/div>\n<\/div>\n<\/div>\n<div class=\"section\" style=\"text-align: center;\"><\/div>\n<div class=\"section\" style=\"text-align: center;\"><\/div>\n<div class=\"section\" style=\"text-align: center;\"><strong>Camilo Ramirez<\/strong><\/div>\n<div class=\"section\">\n<div class=\"layoutArea\">\n<div class=\"column\">\n<p style=\"text-align: center;\"><strong>Escultor\u00a0 Muralista<\/strong><\/p>\n<p style=\"text-align: center;\"><strong>GALARD\u00d3N PRESIDENCIAL<\/strong><\/p>\n<p style=\"text-align: center;\">\n<\/div>\n<\/div>\n<\/div>\n<\/div>\n","protected":false},"excerpt":{"rendered":"<p>Tonallan Hueytlatoc\u00e1yotl Itlapixcau Los Guardianes del Reino Tonallan Tlapiani Tlalli:Guardi\u00e1n de la tierra, Tlapiani Atl: Guardi\u00e1n del agua, Tlapian i<\/p>\n","protected":false},"author":1,"featured_media":0,"parent":0,"menu_order":0,"comment_status":"closed","ping_status":"closed","template":"","meta":{"colormag_page_container_layout":"default_layout","colormag_page_sidebar_layout":"default_layout","footnotes":""},"class_list":["post-17069","page","type-page","status-publish","hentry"],"_links":{"self":[{"href":"https:\/\/tonala.gob.mx\/portal\/wp-json\/wp\/v2\/pages\/17069","targetHints":{"allow":["GET"]}}],"collection":[{"href":"https:\/\/tonala.gob.mx\/portal\/wp-json\/wp\/v2\/pages"}],"about":[{"href":"https:\/\/tonala.gob.mx\/portal\/wp-json\/wp\/v2\/types\/page"}],"author":[{"embeddable":true,"href":"https:\/\/tonala.gob.mx\/portal\/wp-json\/wp\/v2\/users\/1"}],"replies":[{"embeddable":true,"href":"https:\/\/tonala.gob.mx\/portal\/wp-json\/wp\/v2\/comments?post=17069"}],"version-history":[{"count":3,"href":"https:\/\/tonala.gob.mx\/portal\/wp-json\/wp\/v2\/pages\/17069\/revisions"}],"predecessor-version":[{"id":17483,"href":"https:\/\/tonala.gob.mx\/portal\/wp-json\/wp\/v2\/pages\/17069\/revisions\/17483"}],"wp:attachment":[{"href":"https:\/\/tonala.gob.mx\/portal\/wp-json\/wp\/v2\/media?parent=17069"}],"curies":[{"name":"wp","href":"https:\/\/api.w.org\/{rel}","templated":true}]}}