{"id":136,"date":"2015-10-29T16:38:30","date_gmt":"2015-10-29T16:38:30","guid":{"rendered":"http:\/\/tonala.gob.mx\/portal\/?page_id=136"},"modified":"2017-06-19T13:13:46","modified_gmt":"2017-06-19T19:13:46","slug":"c-guillermo-mendoza-quintero","status":"publish","type":"page","link":"https:\/\/tonala.gob.mx\/portal\/c-guillermo-mendoza-quintero\/","title":{"rendered":"C. Guillermo Mendoza Quintero"},"content":{"rendered":"<table border=\"0\" width=\"700\" align=\"center\">\n<tbody>\n<tr>\n<td valign=\"top\" width=\"40%\">\n<table border=\"0\" width=\"100%\">\n<tbody>\n<tr>\n<td><img decoding=\"async\" src=\"https:\/\/tonala.gob.mx\/portal\/wp-content\/uploads\/2015\/10\/15.jpg\" alt=\"\" width=\"250\" height=\"100%\" \/><\/td>\n<\/tr>\n<tr>\n<td style=\"text-align: center;\">35 86 6000 Ext. 1064<br \/>\n<a href=\"mailto:reg.guillermomendoza@tonala.gob.mx\">reg.guillermomendoza@tonala.gob.mx<\/a><\/td>\n<\/tr>\n<tr>\n<td style=\"text-align: center;\"><a href=\"https:\/\/tonala.gob.mx\/portal\/wp-content\/uploads\/2015\/12\/CV-Tonala-GUILLERMO-MENDOZA-QUINTERO.pdf\"><span style=\"color: #333333;\">\u00a0Curr\u00edculo<\/span><\/a><\/p>\n<p><a href=\"https:\/\/tonala.gob.mx\/portal\/wp-content\/uploads\/2016\/06\/GUILLERMO-F.pdf\"><span style=\"color: #333333;\">STAFF<\/span><\/a><\/p>\n<p>[expand title=\u00bbCOMISIONES\u00bb]<\/p>\n<p><a href=\"https:\/\/tonala.gob.mx\/portal\/desarrollo-urbano-y-habitacion-popular\/\">Desarrollo Urbano y Habitaci\u00f3n\u00a0Popular<\/a><br \/>\n<a href=\"https:\/\/tonala.gob.mx\/portal\/reclusorios\/\">Reclusorios<\/a><\/p>\n<p>[\/expand]<\/p>\n<p><a href=\"https:\/\/tonala.gob.mx\/portal\/agenda-oficial-regidor-guillermo-mendoza\/\">AGENDA<\/a><\/p>\n<p>VIAJES<\/p>\n<p>[expand title=\u00bb3de3&#8243;]<\/p>\n<p>3de3<\/p>\n<p><a href=\"https:\/\/tonala.gob.mx\/portal\/wp-content\/uploads\/2016\/09\/Autorizacion_GMQ_3d3.pdf\">Autorizaci\u00f3n<\/a><\/p>\n<p><a href=\"https:\/\/tonala.gob.mx\/portal\/wp-content\/uploads\/2016\/09\/Declaracion_patrimonial_GQM_3d3.pdf\">Declaraci\u00f3n Patrimonial<\/a><\/p>\n<p><a href=\"https:\/\/tonala.gob.mx\/portal\/wp-content\/uploads\/2016\/09\/Declaracion_intereses_GMQ_3d3.pdf\">Declaraci\u00f3n de intereses<\/a><\/p>\n<p><a href=\"https:\/\/tonala.gob.mx\/portal\/wp-content\/uploads\/2016\/09\/Declaracion_fiscal_GMQ_3d3.pdf\">Declaraci\u00f3n Fiscal<\/a><\/p>\n<p>[\/expand]<\/p>\n<p>Actualizaci\u00f3n 21\/03\/2017<\/td>\n<\/tr>\n<\/tbody>\n<\/table>\n<\/td>\n<td align=\"center\" valign=\"top\" width=\"339\">\n<table border=\"0\" width=\"100%\">\n<tbody>\n<tr>\n<td><\/td>\n<\/tr>\n<tr>\n<td>\n<h6 style=\"text-align: center;\"><span style=\"font-size: 16px; font-weight: normal; line-height: 24px;\">REGIDOR<\/span><\/h6>\n<\/td>\n<\/tr>\n<tr>\n<td><\/td>\n<\/tr>\n<tr>\n<td valign=\"top\">Comisiones en las que participa:<\/p>\n<p>Presidente<\/p>\n<ul>\n<li>Desarrollo Urbano y Habitaci\u00f3n Popular<\/li>\n<li>Reclusorios<\/li>\n<\/ul>\n<p>Vocal<\/p>\n<ul>\n<li>Seguridad P\u00fablica y Tr\u00e1nsito<\/li>\n<li>Agua Potable y Alcantarillado<\/li>\n<li>Festividades C\u00edvicas y Cr\u00f3nicas Municipales<\/li>\n<li>Puntos Constitucionales, Redacci\u00f3n y Estilo<\/li>\n<li>Inspecci\u00f3n y Vigilancia<\/li>\n<li>Artesan\u00edas<\/li>\n<li>Administraci\u00f3n y Desarrollo Humano<\/li>\n<li>Planeaci\u00f3n del Desarrollo Municipal<\/li>\n<li>Promoci\u00f3n Cultural<\/li>\n<li>Turismo<\/li>\n<li>Asuntos de la Ni\u00f1ez<\/li>\n<li>Rastro y Servicios Complementarios<\/li>\n<li>Infraestructura, Servicios y Desarrollo Sustentable<\/li>\n<li>Asistencia Social<\/li>\n<li>Ecolog\u00eda, Saneamiento y Acci\u00f3n Contra Contaminaci\u00f3n<\/li>\n<\/ul>\n<p>&nbsp;<\/td>\n<\/tr>\n<\/tbody>\n<\/table>\n<\/td>\n<\/tr>\n<\/tbody>\n<\/table>\n","protected":false},"excerpt":{"rendered":"<p>35 86 6000 Ext. 1064 reg.guillermomendoza@tonala.gob.mx \u00a0Curr\u00edculo STAFF [expand title=\u00bbCOMISIONES\u00bb] Desarrollo Urbano y Habitaci\u00f3n\u00a0Popular Reclusorios [\/expand] AGENDA VIAJES [expand title=\u00bb3de3&#8243;]<\/p>\n","protected":false},"author":1,"featured_media":0,"parent":0,"menu_order":0,"comment_status":"closed","ping_status":"closed","template":"","meta":{"colormag_page_container_layout":"no_sidebar_full_width","colormag_page_sidebar_layout":"right_sidebar","footnotes":""},"class_list":["post-136","page","type-page","status-publish","hentry"],"_links":{"self":[{"href":"https:\/\/tonala.gob.mx\/portal\/wp-json\/wp\/v2\/pages\/136","targetHints":{"allow":["GET"]}}],"collection":[{"href":"https:\/\/tonala.gob.mx\/portal\/wp-json\/wp\/v2\/pages"}],"about":[{"href":"https:\/\/tonala.gob.mx\/portal\/wp-json\/wp\/v2\/types\/page"}],"author":[{"embeddable":true,"href":"https:\/\/tonala.gob.mx\/portal\/wp-json\/wp\/v2\/users\/1"}],"replies":[{"embeddable":true,"href":"https:\/\/tonala.gob.mx\/portal\/wp-json\/wp\/v2\/comments?post=136"}],"version-history":[{"count":16,"href":"https:\/\/tonala.gob.mx\/portal\/wp-json\/wp\/v2\/pages\/136\/revisions"}],"predecessor-version":[{"id":11363,"href":"https:\/\/tonala.gob.mx\/portal\/wp-json\/wp\/v2\/pages\/136\/revisions\/11363"}],"wp:attachment":[{"href":"https:\/\/tonala.gob.mx\/portal\/wp-json\/wp\/v2\/media?parent=136"}],"curies":[{"name":"wp","href":"https:\/\/api.w.org\/{rel}","templated":true}]}}