{"id":126,"date":"2015-10-29T16:31:29","date_gmt":"2015-10-29T16:31:29","guid":{"rendered":"http:\/\/tonala.gob.mx\/portal\/?page_id=126"},"modified":"2017-03-21T11:22:08","modified_gmt":"2017-03-21T17:22:08","slug":"mtra-olivia-venegas-perez","status":"publish","type":"page","link":"https:\/\/tonala.gob.mx\/portal\/mtra-olivia-venegas-perez\/","title":{"rendered":"Mtra. Olivia Venegas P\u00e9rez"},"content":{"rendered":"<table border=\"0\" width=\"700\" align=\"center\">\n<tbody>\n<tr>\n<td valign=\"top\" width=\"40%\">\n<table border=\"0\" width=\"100%\">\n<tbody>\n<tr>\n<td><img decoding=\"async\" src=\"https:\/\/tonala.gob.mx\/portal\/wp-content\/uploads\/2015\/10\/3.jpg\" alt=\"\" width=\"250\" height=\"100%\" \/><\/td>\n<\/tr>\n<tr>\n<td style=\"text-align: center;\">35 86 6000 EXT. 1036<br \/>\n<a href=\"mailto:regidor.olivia@tonala.gob.mx\">regidor.olivia@tonala.gob.mx<\/a><\/td>\n<\/tr>\n<tr>\n<td style=\"text-align: center;\">\u00a0<a href=\"http:\/\/www.tonala.gob.mx\/portal\/assets\/cv-tonala-olivia-venegas-perez.pdf\">Curr\u00edculo<\/a><\/p>\n<p><a href=\"https:\/\/tonala.gob.mx\/portal\/wp-content\/uploads\/2016\/06\/OLIVIA-F.pdf\"><span style=\"color: #333333;\">STAFF<\/span><\/a><\/p>\n<p>[expand title=\u00bbCOMISIONES\u00bb]<\/p>\n<p><a href=\"https:\/\/tonala.gob.mx\/portal\/comision-educacion\/\"><span style=\"color: #333333;\">Educaci\u00f3n P\u00fablica<\/span><\/a><\/p>\n<p><a href=\"https:\/\/tonala.gob.mx\/portal\/comision-promocion-cultural\/\"><span style=\"color: #333333;\">Promoci\u00f3n Cultural<\/span><\/a><\/p>\n<p><a href=\"https:\/\/tonala.gob.mx\/portal\/comision-turismo\/\"><span style=\"color: #333333;\">Turismo<\/span><\/a><\/p>\n<p>[\/expand]<\/p>\n<p><a href=\"https:\/\/tonala.gob.mx\/portal\/agenda-oficial-regidora-olivia-venegas\/\">AGENDA<\/a><\/p>\n<p>VIAJES<\/p>\n<p>[expand title=\u00bb3de3&#8243;]<\/p>\n<p>3de3<\/p>\n<p><a href=\"https:\/\/tonala.gob.mx\/portal\/wp-content\/uploads\/2016\/09\/Autorizacion_OVP_3d3.pdf\">Autorizaci\u00f3n<\/a><\/p>\n<p><a href=\"https:\/\/tonala.gob.mx\/portal\/wp-content\/uploads\/2016\/09\/Declaracion_Patrimonial_OVP_3d3.pdf\">Declaraci\u00f3n Patrimonial<\/a><\/p>\n<p><a href=\"https:\/\/tonala.gob.mx\/portal\/wp-content\/uploads\/2016\/09\/Declaracion_Intereses_OVP_3d3.pdf\">Declaraci\u00f3n de intereses<\/a><\/p>\n<p><a href=\"https:\/\/tonala.gob.mx\/portal\/wp-content\/uploads\/2016\/09\/Declaracion_Fiscal_OVP_3d3.pdf\">Declaraci\u00f3n Fiscal<\/a><\/p>\n<p>[\/expand]<\/p>\n<p>Actualizaci\u00f3n 21\/03\/2017<\/td>\n<\/tr>\n<\/tbody>\n<\/table>\n<\/td>\n<td align=\"center\" valign=\"top\" width=\"339\">\n<table border=\"0\" width=\"100%\">\n<tbody>\n<tr>\n<td><\/td>\n<\/tr>\n<tr>\n<td>\n<h6 style=\"text-align: center;\"><span style=\"font-size: 16px; font-weight: normal; line-height: 24px;\">REGIDORA<\/span><\/h6>\n<\/td>\n<\/tr>\n<tr>\n<td><\/td>\n<\/tr>\n<tr>\n<td valign=\"top\">Comisiones en las que participa:<\/p>\n<p>Presidente<\/p>\n<ul>\n<li>Educaci\u00f3n P\u00fablica<\/li>\n<li>Promoci\u00f3n Cultural<\/li>\n<li>Turismo<\/li>\n<\/ul>\n<p>Vocal<\/p>\n<ul>\n<li>Obras P\u00fablicas y Construcciones<\/li>\n<li>Festividades C\u00edvicas y Cr\u00f3nicas Municipales<\/li>\n<li>Gobernaci\u00f3n<\/li>\n<li>Justicia<\/li>\n<li>Artesan\u00edas<\/li>\n<li>Igualdad De G\u00e9nero y Asuntos Ind\u00edgenas<\/li>\n<li>Prensa y Difusi\u00f3n<\/li>\n<li>Derechos Humanos<\/li>\n<li>Asuntos de La Ni\u00f1ez<\/li>\n<li>Ciudades Hermanas<\/li>\n<li>Parques y Jardines<\/li>\n<li>Salubridad E Higiene<\/li>\n<\/ul>\n<p>&nbsp;<\/td>\n<\/tr>\n<\/tbody>\n<\/table>\n<\/td>\n<\/tr>\n<\/tbody>\n<\/table>\n","protected":false},"excerpt":{"rendered":"<p>35 86 6000 EXT. 1036 regidor.olivia@tonala.gob.mx \u00a0Curr\u00edculo STAFF [expand title=\u00bbCOMISIONES\u00bb] Educaci\u00f3n P\u00fablica Promoci\u00f3n Cultural Turismo [\/expand] AGENDA VIAJES [expand title=\u00bb3de3&#8243;]<\/p>\n","protected":false},"author":1,"featured_media":0,"parent":0,"menu_order":0,"comment_status":"closed","ping_status":"closed","template":"","meta":{"colormag_page_container_layout":"no_sidebar_full_width","colormag_page_sidebar_layout":"right_sidebar","footnotes":""},"class_list":["post-126","page","type-page","status-publish","hentry"],"_links":{"self":[{"href":"https:\/\/tonala.gob.mx\/portal\/wp-json\/wp\/v2\/pages\/126","targetHints":{"allow":["GET"]}}],"collection":[{"href":"https:\/\/tonala.gob.mx\/portal\/wp-json\/wp\/v2\/pages"}],"about":[{"href":"https:\/\/tonala.gob.mx\/portal\/wp-json\/wp\/v2\/types\/page"}],"author":[{"embeddable":true,"href":"https:\/\/tonala.gob.mx\/portal\/wp-json\/wp\/v2\/users\/1"}],"replies":[{"embeddable":true,"href":"https:\/\/tonala.gob.mx\/portal\/wp-json\/wp\/v2\/comments?post=126"}],"version-history":[{"count":16,"href":"https:\/\/tonala.gob.mx\/portal\/wp-json\/wp\/v2\/pages\/126\/revisions"}],"predecessor-version":[{"id":9889,"href":"https:\/\/tonala.gob.mx\/portal\/wp-json\/wp\/v2\/pages\/126\/revisions\/9889"}],"wp:attachment":[{"href":"https:\/\/tonala.gob.mx\/portal\/wp-json\/wp\/v2\/media?parent=126"}],"curies":[{"name":"wp","href":"https:\/\/api.w.org\/{rel}","templated":true}]}}