{"id":1201,"date":"2015-12-10T00:50:21","date_gmt":"2015-12-10T00:50:21","guid":{"rendered":"http:\/\/tonala.gob.mx\/portal\/?page_id=1201"},"modified":"2025-03-31T12:36:16","modified_gmt":"2025-03-31T18:36:16","slug":"organointernodecontrol","status":"publish","type":"page","link":"https:\/\/tonala.gob.mx\/portal\/organointernodecontrol\/","title":{"rendered":"\u00d3rgano Interno de Control"},"content":{"rendered":"\n<figure class=\"wp-block-table aligncenter\"><table class=\"has-fixed-layout\"><tbody><tr><td><img fetchpriority=\"high\" decoding=\"async\" width=\"400\" height=\"600\" class=\"wp-image-36457\" style=\"width: 400px;\" src=\"https:\/\/tonala.gob.mx\/portal\/wp-content\/uploads\/2024\/10\/JUAN-JOSE-DE-ANDA-GONZALEZ-scaled.jpg\" alt=\"\" srcset=\"https:\/\/tonala.gob.mx\/portal\/wp-content\/uploads\/2024\/10\/JUAN-JOSE-DE-ANDA-GONZALEZ-scaled.jpg 1707w, https:\/\/tonala.gob.mx\/portal\/wp-content\/uploads\/2024\/10\/JUAN-JOSE-DE-ANDA-GONZALEZ-200x300.jpg 200w, https:\/\/tonala.gob.mx\/portal\/wp-content\/uploads\/2024\/10\/JUAN-JOSE-DE-ANDA-GONZALEZ-683x1024.jpg 683w, https:\/\/tonala.gob.mx\/portal\/wp-content\/uploads\/2024\/10\/JUAN-JOSE-DE-ANDA-GONZALEZ-768x1152.jpg 768w, https:\/\/tonala.gob.mx\/portal\/wp-content\/uploads\/2024\/10\/JUAN-JOSE-DE-ANDA-GONZALEZ-1024x1536.jpg 1024w, https:\/\/tonala.gob.mx\/portal\/wp-content\/uploads\/2024\/10\/JUAN-JOSE-DE-ANDA-GONZALEZ-1365x2048.jpg 1365w\" sizes=\"(max-width: 400px) 100vw, 400px\" \/><\/td><td><strong>Juan Jose de Anda Gonzalez<\/strong><br><br>Titular del \u00d3rgano Interno de Control<\/td><td><strong>Tel\u00e9fono:<\/strong> 33 36 83 03 66<br><strong>Domicilio:<\/strong> Francisco I. Madero 84-A colonia Centro, Tonal\u00e1 Jalisco<br><strong>Correo Electr\u00f3nico: <\/strong><br>Organointernodecontrol@tonala.gob.mx<br><br>Curr\u00edculo<br>Agenda Oficial<\/td><\/tr><tr><td><img decoding=\"async\" width=\"400\" height=\"600\" class=\"wp-image-36727\" style=\"width: 400px;\" src=\"https:\/\/tonala.gob.mx\/portal\/wp-content\/uploads\/2024\/10\/Francisco-Huerta-Gonzalez-scaled.jpg\" alt=\"\" srcset=\"https:\/\/tonala.gob.mx\/portal\/wp-content\/uploads\/2024\/10\/Francisco-Huerta-Gonzalez-scaled.jpg 1707w, https:\/\/tonala.gob.mx\/portal\/wp-content\/uploads\/2024\/10\/Francisco-Huerta-Gonzalez-200x300.jpg 200w, https:\/\/tonala.gob.mx\/portal\/wp-content\/uploads\/2024\/10\/Francisco-Huerta-Gonzalez-683x1024.jpg 683w, https:\/\/tonala.gob.mx\/portal\/wp-content\/uploads\/2024\/10\/Francisco-Huerta-Gonzalez-768x1152.jpg 768w, https:\/\/tonala.gob.mx\/portal\/wp-content\/uploads\/2024\/10\/Francisco-Huerta-Gonzalez-1024x1536.jpg 1024w, https:\/\/tonala.gob.mx\/portal\/wp-content\/uploads\/2024\/10\/Francisco-Huerta-Gonzalez-1365x2048.jpg 1365w\" sizes=\"(max-width: 400px) 100vw, 400px\" \/><\/td><td><strong>Francisco Huerta Gonz\u00e1lez<br><\/strong>Jefatura de Auditoria<\/td><td>Tel\u00e9fono: 33 36 83 03 66<br>Domicilio: Francisco I. Madero 84-A colonia Centro, Tonal\u00e1 Jalisco<br>Correo Electr\u00f3nico: jef.auditoria@tonala.gob.mx<br><br>Curr\u00edculo<br>Agenda Oficial<\/td><\/tr><tr><td><img decoding=\"async\" width=\"400\" height=\"600\" class=\"wp-image-36729\" style=\"width: 400px;\" src=\"https:\/\/tonala.gob.mx\/portal\/wp-content\/uploads\/2024\/10\/Luis-Arturo-Morales-Vazquez-scaled.jpg\" alt=\"\" srcset=\"https:\/\/tonala.gob.mx\/portal\/wp-content\/uploads\/2024\/10\/Luis-Arturo-Morales-Vazquez-scaled.jpg 1707w, https:\/\/tonala.gob.mx\/portal\/wp-content\/uploads\/2024\/10\/Luis-Arturo-Morales-Vazquez-200x300.jpg 200w, https:\/\/tonala.gob.mx\/portal\/wp-content\/uploads\/2024\/10\/Luis-Arturo-Morales-Vazquez-683x1024.jpg 683w, https:\/\/tonala.gob.mx\/portal\/wp-content\/uploads\/2024\/10\/Luis-Arturo-Morales-Vazquez-768x1152.jpg 768w, https:\/\/tonala.gob.mx\/portal\/wp-content\/uploads\/2024\/10\/Luis-Arturo-Morales-Vazquez-1024x1536.jpg 1024w, https:\/\/tonala.gob.mx\/portal\/wp-content\/uploads\/2024\/10\/Luis-Arturo-Morales-Vazquez-1365x2048.jpg 1365w\" sizes=\"(max-width: 400px) 100vw, 400px\" \/><\/td><td><strong>Luis Arturo Morales V\u00e1zquez<br><\/strong>Jefatura de Investigaci\u00f3n<\/td><td>Tel\u00e9fono: 33 36 83 03 66<br>Domicilio: Francisco I. Madero 84-A colonia Centro, Tonal\u00e1 Jalisco<br>Correo Electr\u00f3nico: jef.investigacion@tonala.gob.mx<br><br>Curr\u00edculo<br>Agenda Oficial<\/td><\/tr><tr><td><img loading=\"lazy\" decoding=\"async\" width=\"400\" height=\"595\" class=\"wp-image-36732\" style=\"width: 400px;\" src=\"https:\/\/tonala.gob.mx\/portal\/wp-content\/uploads\/2024\/10\/Ricardo-Oswaldo-Garcia-Ruiz-scaled.jpg\" alt=\"\" srcset=\"https:\/\/tonala.gob.mx\/portal\/wp-content\/uploads\/2024\/10\/Ricardo-Oswaldo-Garcia-Ruiz-scaled.jpg 1722w, https:\/\/tonala.gob.mx\/portal\/wp-content\/uploads\/2024\/10\/Ricardo-Oswaldo-Garcia-Ruiz-202x300.jpg 202w, https:\/\/tonala.gob.mx\/portal\/wp-content\/uploads\/2024\/10\/Ricardo-Oswaldo-Garcia-Ruiz-689x1024.jpg 689w, https:\/\/tonala.gob.mx\/portal\/wp-content\/uploads\/2024\/10\/Ricardo-Oswaldo-Garcia-Ruiz-768x1142.jpg 768w, https:\/\/tonala.gob.mx\/portal\/wp-content\/uploads\/2024\/10\/Ricardo-Oswaldo-Garcia-Ruiz-1033x1536.jpg 1033w, https:\/\/tonala.gob.mx\/portal\/wp-content\/uploads\/2024\/10\/Ricardo-Oswaldo-Garcia-Ruiz-1377x2048.jpg 1377w\" sizes=\"(max-width: 400px) 100vw, 400px\" \/><\/td><td><strong>Ricardo Oswaldo Garc\u00eda Ruiz<br><\/strong>Jefatura de Substanciaci\u00f3n<\/td><td>Tel\u00e9fono: 33 36 83 02 99, 33 36 83 03 66<br>Domicilio: Francisco I. Madero 84-A colonia Centro, Tonal\u00e1 Jalisco<br>Correo Electr\u00f3nico: jef.substanciacion@tonala.gob.mx<br><br>Curr\u00edculo<br>Agenda Oficial<\/td><\/tr><tr><td><img loading=\"lazy\" decoding=\"async\" width=\"400\" height=\"602\" class=\"wp-image-37496\" style=\"width: 400px;\" src=\"https:\/\/tonala.gob.mx\/portal\/wp-content\/uploads\/2025\/03\/MARIO-EFRAIN-ACOSTA-MORAN-scaled-e1743445555124.jpg\" alt=\"\" srcset=\"https:\/\/tonala.gob.mx\/portal\/wp-content\/uploads\/2025\/03\/MARIO-EFRAIN-ACOSTA-MORAN-scaled-e1743445555124.jpg 1702w, https:\/\/tonala.gob.mx\/portal\/wp-content\/uploads\/2025\/03\/MARIO-EFRAIN-ACOSTA-MORAN-scaled-e1743445555124-199x300.jpg 199w, https:\/\/tonala.gob.mx\/portal\/wp-content\/uploads\/2025\/03\/MARIO-EFRAIN-ACOSTA-MORAN-scaled-e1743445555124-681x1024.jpg 681w, https:\/\/tonala.gob.mx\/portal\/wp-content\/uploads\/2025\/03\/MARIO-EFRAIN-ACOSTA-MORAN-scaled-e1743445555124-768x1155.jpg 768w, https:\/\/tonala.gob.mx\/portal\/wp-content\/uploads\/2025\/03\/MARIO-EFRAIN-ACOSTA-MORAN-scaled-e1743445555124-1021x1536.jpg 1021w, https:\/\/tonala.gob.mx\/portal\/wp-content\/uploads\/2025\/03\/MARIO-EFRAIN-ACOSTA-MORAN-scaled-e1743445555124-1362x2048.jpg 1362w\" sizes=\"(max-width: 400px) 100vw, 400px\" \/><\/td><td><strong>Mario Efra\u00edn Acosta Mor\u00e1n<br><\/strong>Jefatura de Control de Veh\u00edculos<\/td><td><strong>Tel\u00e9fono:<\/strong> 33 36 83 03 66<br><strong>Domicilio: <\/strong>Francisco I. Madero 84-A colonia Centro, Tonal\u00e1 Jalisco<br><strong>Correo Electr\u00f3nico:<\/strong><br> jef.controlvehiculos@tonala.gob.mx<br><br>Curr\u00edculo<br><a href=\"https:\/\/portal-transparencia.tonala.gob.mx\/agenda-oficial-jefe-de-control-vehicular-lic-mario-efrain-acosta-moran\/\">Agenda Oficial<\/a><\/td><\/tr><tr><td><img loading=\"lazy\" decoding=\"async\" width=\"400\" height=\"600\" class=\"wp-image-36434\" style=\"width: 400px;\" src=\"https:\/\/tonala.gob.mx\/portal\/wp-content\/uploads\/2024\/10\/Christopher-Escobar-Perez-scaled.jpg\" alt=\"\" srcset=\"https:\/\/tonala.gob.mx\/portal\/wp-content\/uploads\/2024\/10\/Christopher-Escobar-Perez-scaled.jpg 1707w, https:\/\/tonala.gob.mx\/portal\/wp-content\/uploads\/2024\/10\/Christopher-Escobar-Perez-200x300.jpg 200w, https:\/\/tonala.gob.mx\/portal\/wp-content\/uploads\/2024\/10\/Christopher-Escobar-Perez-683x1024.jpg 683w, https:\/\/tonala.gob.mx\/portal\/wp-content\/uploads\/2024\/10\/Christopher-Escobar-Perez-768x1152.jpg 768w, https:\/\/tonala.gob.mx\/portal\/wp-content\/uploads\/2024\/10\/Christopher-Escobar-Perez-1024x1536.jpg 1024w, https:\/\/tonala.gob.mx\/portal\/wp-content\/uploads\/2024\/10\/Christopher-Escobar-Perez-1365x2048.jpg 1365w\" sizes=\"(max-width: 400px) 100vw, 400px\" \/><\/td><td><strong>Christopher Escobar P\u00e9rez<br><\/strong><br>Jefatura de Auditor\u00eda de Obra P\u00fablica<\/td><td><strong>Tel\u00e9fono:<\/strong> 33 36 83 03 66<br><strong>Domicilio: <\/strong>Francisco I. Madero 84-A colonia Centro, Tonal\u00e1 Jalisco<br><strong>Correo Electr\u00f3nico: <\/strong><br>jef.auditoriaobrapublica@tonala.gob.mx<br><br>Curr\u00edculo<br>Agenda Oficial<\/td><\/tr><tr><td><\/td><td><strong>Miriam Llamas Quezada<br><\/strong>Unidad de Igualdad de G\u00e9nero<\/td><td>Tel\u00e9fono: 33 36 83 03 66<br>Domicilio: Francisco I. Madero 84-A colonia Centro, Tonal\u00e1 Jalisco<br>Correo Electr\u00f3nico: unidadigualdadgenero@tonala.gob.mx<br><br>Curr\u00edculo<br>Agenda Oficial<\/td><\/tr><\/tbody><\/table><\/figure>\n","protected":false},"excerpt":{"rendered":"<p>Juan Jose de Anda Gonzalez Titular del \u00d3rgano Interno de Control Tel\u00e9fono: 33 36 83 03 66Domicilio: Francisco I. Madero<\/p>\n","protected":false},"author":1,"featured_media":0,"parent":0,"menu_order":0,"comment_status":"closed","ping_status":"closed","template":"","meta":{"colormag_page_container_layout":"default_layout","colormag_page_sidebar_layout":"default_layout","footnotes":""},"class_list":["post-1201","page","type-page","status-publish","hentry"],"_links":{"self":[{"href":"https:\/\/tonala.gob.mx\/portal\/wp-json\/wp\/v2\/pages\/1201","targetHints":{"allow":["GET"]}}],"collection":[{"href":"https:\/\/tonala.gob.mx\/portal\/wp-json\/wp\/v2\/pages"}],"about":[{"href":"https:\/\/tonala.gob.mx\/portal\/wp-json\/wp\/v2\/types\/page"}],"author":[{"embeddable":true,"href":"https:\/\/tonala.gob.mx\/portal\/wp-json\/wp\/v2\/users\/1"}],"replies":[{"embeddable":true,"href":"https:\/\/tonala.gob.mx\/portal\/wp-json\/wp\/v2\/comments?post=1201"}],"version-history":[{"count":78,"href":"https:\/\/tonala.gob.mx\/portal\/wp-json\/wp\/v2\/pages\/1201\/revisions"}],"predecessor-version":[{"id":37501,"href":"https:\/\/tonala.gob.mx\/portal\/wp-json\/wp\/v2\/pages\/1201\/revisions\/37501"}],"wp:attachment":[{"href":"https:\/\/tonala.gob.mx\/portal\/wp-json\/wp\/v2\/media?parent=1201"}],"curies":[{"name":"wp","href":"https:\/\/api.w.org\/{rel}","templated":true}]}}