{"id":120,"date":"2015-10-29T16:28:29","date_gmt":"2015-10-29T16:28:29","guid":{"rendered":"http:\/\/tonala.gob.mx\/portal\/?page_id=120"},"modified":"2018-07-09T12:51:30","modified_gmt":"2018-07-09T18:51:30","slug":"lic-roberto-amador-cardenas-blake","status":"publish","type":"page","link":"https:\/\/tonala.gob.mx\/portal\/lic-roberto-amador-cardenas-blake\/","title":{"rendered":"Lic. Roberto Amador C\u00e1rdenas Blake"},"content":{"rendered":"<table border=\"0\" width=\"700\" align=\"center\">\n<tbody>\n<tr>\n<td valign=\"top\" width=\"40%\">\n<table border=\"0\" width=\"100%\">\n<tbody>\n<tr>\n<td style=\"text-align: center;\"><img fetchpriority=\"high\" decoding=\"async\" class=\"alignnone wp-image-356 size-full\" src=\"https:\/\/tonala.gob.mx\/portal\/wp-content\/uploads\/2015\/10\/12.jpg\" width=\"250\" height=\"300\" \/><\/td>\n<\/tr>\n<tr>\n<td style=\"text-align: center;\">35 86 6000 EXT. 1022 \/ 1023<\/td>\n<\/tr>\n<tr>\n<td style=\"text-align: center;\"><a href=\"https:\/\/tonala.gob.mx\/portal\/wp-content\/uploads\/2016\/06\/ROBERTO-F.pdf\"><span style=\"color: #333333;\">STAFF<\/span><\/a><\/p>\n<p>Curriculum<\/p>\n<p>[expand title=\u00bbCOMISIONES\u00bb]<\/p>\n<p><a href=\"https:\/\/tonala.gob.mx\/portal\/atencion-a-la-juventud\/\">Atenci\u00f3n a la Juventud<\/a><br \/>\n<a href=\"https:\/\/tonala.gob.mx\/portal\/seguridad-publica-y-transito\/\">Seguridad P\u00fablica y Tr\u00e1nsito<\/a><\/p>\n<p>[\/expand]<\/p>\n<p><a href=\"https:\/\/tonala.gob.mx\/portal\/agenda-oficial-regidor-roberto-blake\/\">AGENDA<\/a><\/p>\n<p>VIAJES<\/p>\n<p>[expand title=\u00bb3de3&#8243;]<\/p>\n<p>3de3<\/p>\n<p><a href=\"https:\/\/tonala.gob.mx\/portal\/wp-content\/uploads\/2017\/11\/Carta-de-Autorizaci\u00f3n-de-Roberto-Amador.pdf\">Autorizaci\u00f3n<\/a><\/p>\n<p><a href=\"https:\/\/tonala.gob.mx\/portal\/wp-content\/uploads\/2017\/11\/Declaraci\u00f3n-Fiscal-Roberto-Amador-Cardenas-Blake.pdf\">Declaraci\u00f3n Patrimonial<\/a><\/p>\n<p><a href=\"https:\/\/tonala.gob.mx\/portal\/wp-content\/uploads\/2016\/11\/Declaraci%C3%B3n_Interreses_Roberto_Cardenas.pdf\">Declaraci\u00f3n de intereses<\/a><\/p>\n<p><a href=\"https:\/\/tonala.gob.mx\/portal\/wp-content\/uploads\/2017\/11\/Declaraci%C3%B3n-Fiscal-Roberto-Amador-Cardenas-Blake.pdf\">Declaraci\u00f3n Fiscal<\/a><\/p>\n<p>[\/expand]<\/p>\n<p>Actualizaci\u00f3n 09\/07\/2018<\/td>\n<\/tr>\n<\/tbody>\n<\/table>\n<\/td>\n<td align=\"center\" valign=\"top\" width=\"339\">\n<table border=\"0\" width=\"100%\">\n<tbody>\n<tr>\n<td><\/td>\n<\/tr>\n<tr>\n<td>\n<h6 style=\"text-align: center;\"><span style=\"font-size: 16px; font-weight: normal; line-height: 24px;\">REGIDOR<\/span><\/h6>\n<\/td>\n<\/tr>\n<tr>\n<td><\/td>\n<\/tr>\n<tr>\n<td valign=\"top\">Comisiones en las que participa:<\/p>\n<p>Presidente<\/p>\n<ul>\n<li>Atenci\u00f3n a la Juventud<\/li>\n<li>Seguridad P\u00fablica y Tr\u00e1nsito<\/li>\n<\/ul>\n<p>Vocal<\/p>\n<ul>\n<li>Obras P\u00fablicas y Construcciones<\/li>\n<li>Agua Potable y Alcantarillado<\/li>\n<li>Administraci\u00f3n y Desarrollo Humano<\/li>\n<li>Alumbrado P\u00fablico<\/li>\n<li>Reclusorios<\/li>\n<li>Fomento Agropecuario<\/li>\n<li>Justicia<\/li>\n<li>Desarrollo Social<\/li>\n<li>Ecolog\u00eda, Saneamiento y Acci\u00f3n Contra Contaminaci\u00f3n<\/li>\n<li>Ciudades Hermanas<\/li>\n<\/ul>\n<p>&nbsp;<\/td>\n<\/tr>\n<\/tbody>\n<\/table>\n<\/td>\n<\/tr>\n<\/tbody>\n<\/table>\n","protected":false},"excerpt":{"rendered":"<p>35 86 6000 EXT. 1022 \/ 1023 STAFF Curriculum [expand title=\u00bbCOMISIONES\u00bb] Atenci\u00f3n a la Juventud Seguridad P\u00fablica y Tr\u00e1nsito [\/expand]<\/p>\n","protected":false},"author":1,"featured_media":0,"parent":0,"menu_order":0,"comment_status":"closed","ping_status":"closed","template":"","meta":{"colormag_page_container_layout":"no_sidebar_full_width","colormag_page_sidebar_layout":"right_sidebar","footnotes":""},"class_list":["post-120","page","type-page","status-publish","hentry"],"_links":{"self":[{"href":"https:\/\/tonala.gob.mx\/portal\/wp-json\/wp\/v2\/pages\/120","targetHints":{"allow":["GET"]}}],"collection":[{"href":"https:\/\/tonala.gob.mx\/portal\/wp-json\/wp\/v2\/pages"}],"about":[{"href":"https:\/\/tonala.gob.mx\/portal\/wp-json\/wp\/v2\/types\/page"}],"author":[{"embeddable":true,"href":"https:\/\/tonala.gob.mx\/portal\/wp-json\/wp\/v2\/users\/1"}],"replies":[{"embeddable":true,"href":"https:\/\/tonala.gob.mx\/portal\/wp-json\/wp\/v2\/comments?post=120"}],"version-history":[{"count":38,"href":"https:\/\/tonala.gob.mx\/portal\/wp-json\/wp\/v2\/pages\/120\/revisions"}],"predecessor-version":[{"id":18713,"href":"https:\/\/tonala.gob.mx\/portal\/wp-json\/wp\/v2\/pages\/120\/revisions\/18713"}],"wp:attachment":[{"href":"https:\/\/tonala.gob.mx\/portal\/wp-json\/wp\/v2\/media?parent=120"}],"curies":[{"name":"wp","href":"https:\/\/api.w.org\/{rel}","templated":true}]}}