{"id":116,"date":"2015-10-29T16:27:08","date_gmt":"2015-10-29T16:27:08","guid":{"rendered":"http:\/\/tonala.gob.mx\/portal\/?page_id=116"},"modified":"2017-11-27T10:30:19","modified_gmt":"2017-11-27T16:30:19","slug":"lic-hector-osvaldo-martinez-duron","status":"publish","type":"page","link":"https:\/\/tonala.gob.mx\/portal\/lic-hector-osvaldo-martinez-duron\/","title":{"rendered":"Lic. H\u00e9ctor Osvaldo Mart\u00ednez Dur\u00f3n"},"content":{"rendered":"<table border=\"0\" width=\"700\" align=\"center\">\n<tbody>\n<tr>\n<td valign=\"top\" width=\"40%\">\n<table border=\"0\" width=\"100%\">\n<tbody>\n<tr>\n<td><img decoding=\"async\" src=\"https:\/\/tonala.gob.mx\/portal\/wp-content\/uploads\/2015\/10\/10.jpg\" alt=\"\" width=\"250\" height=\"100%\" \/><\/td>\n<\/tr>\n<tr>\n<td style=\"text-align: center;\">35 86 6000 EXT. 1020 \/ 1021<br \/>\n<a href=\"mailto:regidor.osvaldo@tonala.gob.mx\">regidor.osvaldo@tonala.gob.mx<\/a><\/td>\n<\/tr>\n<tr>\n<td style=\"text-align: center;\">\u00a0<a href=\"http:\/\/www.tonala.gob.mx\/portal\/assets\/cv-tonala-hector-osvaldo-martinez-duron.pdf\">Curr\u00edculo<\/a><\/p>\n<p><a href=\"https:\/\/tonala.gob.mx\/portal\/wp-content\/uploads\/2016\/06\/HECTOR-F.pdf\"><span style=\"color: #333333;\">STAFF<\/span><\/a><\/p>\n<p>[expand title=\u00bbCOMISIONES\u00bb]<\/p>\n<p><a href=\"https:\/\/tonala.gob.mx\/portal\/comision-participacion-ciudadana\/\">Participaci\u00f3n Ciudadana<\/a><br \/>\n<a href=\"https:\/\/tonala.gob.mx\/portal\/comision-aseo-publico\/\">Aseo P\u00fablico<\/a><br \/>\n<a href=\"https:\/\/tonala.gob.mx\/portal\/comision-espectaculos-publicos\/\">Espect\u00e1culos P\u00fablicos<\/a><\/p>\n<p>[\/expand]<\/p>\n<p><a href=\"https:\/\/tonala.gob.mx\/portal\/agenda-oficial-regidor-osvaldo-martinez\/\">AGENDA<\/a><\/p>\n<p>VIAJES<\/p>\n<p>[expand title=\u00bb3de3&#8243;]<\/p>\n<p>3de3<\/p>\n<p><a href=\"https:\/\/tonala.gob.mx\/portal\/wp-content\/uploads\/2017\/11\/Carta-de-Autorizaci\u00f3n-de-Hector-Osvaldo.pdf\">Autorizaci\u00f3n<\/a><\/p>\n<p><a href=\"https:\/\/tonala.gob.mx\/portal\/wp-content\/uploads\/2017\/11\/Declaracion-Patrimonial-del-Regidor-Hector-Osvaldo.pdf\">Declaraci\u00f3n Patrimonial<\/a><\/p>\n<p><a href=\"https:\/\/tonala.gob.mx\/portal\/wp-content\/uploads\/2017\/11\/Declaraci\u00f3n-de-Interes-del-Regidor-Hector-Osvaldo.pdf\">Declaraci\u00f3n de intereses<\/a><\/p>\n<p><a href=\"https:\/\/tonala.gob.mx\/portal\/wp-content\/uploads\/2017\/11\/Obligaciones-Fiscales-de-Hector-Osvaldo.pdf\">Declaraci\u00f3n Fiscal<\/a><\/p>\n<p><a href=\"https:\/\/tonala.gob.mx\/portal\/wp-content\/uploads\/2017\/11\/Acuse-Rebico-Declaci\u00f3n-Patrimonial-Hector-Osvaldo-Martinez-Duron.pdf\">Acuse Recibo Declaraci\u00f3n Patrimonial<\/a><\/p>\n<p>[\/expand]<\/p>\n<p>Actualizaci\u00f3n 24\/11\/2017<\/td>\n<\/tr>\n<\/tbody>\n<\/table>\n<\/td>\n<td align=\"center\" valign=\"top\" width=\"339\">\n<table border=\"0\" width=\"100%\">\n<tbody>\n<tr>\n<td><\/td>\n<\/tr>\n<tr>\n<td>\n<h6 style=\"text-align: center;\"><span style=\"font-size: 16px; font-weight: normal; line-height: 24px;\">REGIDOR<\/span><\/h6>\n<\/td>\n<\/tr>\n<tr>\n<td><\/td>\n<\/tr>\n<tr>\n<td valign=\"top\">Comisiones en las que participa:<\/p>\n<p>Presidente<\/p>\n<ul>\n<li>Participaci\u00f3n Ciudadana<\/li>\n<li>Aseo P\u00fablico<\/li>\n<li>Espect\u00e1culos P\u00fablicos<\/li>\n<\/ul>\n<p>Vocal<\/p>\n<ul>\n<li>Hacienda<\/li>\n<li>Agua Potable y Alcantarillado<\/li>\n<li>Puntos Constitucionales, Redacci\u00f3n y Estilo<\/li>\n<li>Inspecci\u00f3n y Vigilancia<\/li>\n<li>Educaci\u00f3n P\u00fablica<\/li>\n<li>Patrimonio Municipal<\/li>\n<li>Derechos Humanos<\/li>\n<li>Desarrollo Urbano y Habitaci\u00f3n Popular<\/li>\n<li>Ecolog\u00eda, Saneamiento y Acci\u00f3n Contra\u00a0Contaminaci\u00f3n<\/li>\n<\/ul>\n<p>&nbsp;<\/td>\n<\/tr>\n<\/tbody>\n<\/table>\n<\/td>\n<\/tr>\n<\/tbody>\n<\/table>\n","protected":false},"excerpt":{"rendered":"<p>35 86 6000 EXT. 1020 \/ 1021 regidor.osvaldo@tonala.gob.mx \u00a0Curr\u00edculo STAFF [expand title=\u00bbCOMISIONES\u00bb] Participaci\u00f3n Ciudadana Aseo P\u00fablico Espect\u00e1culos P\u00fablicos [\/expand] AGENDA<\/p>\n","protected":false},"author":1,"featured_media":0,"parent":0,"menu_order":0,"comment_status":"closed","ping_status":"closed","template":"","meta":{"colormag_page_container_layout":"no_sidebar_full_width","colormag_page_sidebar_layout":"right_sidebar","footnotes":""},"class_list":["post-116","page","type-page","status-publish","hentry"],"_links":{"self":[{"href":"https:\/\/tonala.gob.mx\/portal\/wp-json\/wp\/v2\/pages\/116","targetHints":{"allow":["GET"]}}],"collection":[{"href":"https:\/\/tonala.gob.mx\/portal\/wp-json\/wp\/v2\/pages"}],"about":[{"href":"https:\/\/tonala.gob.mx\/portal\/wp-json\/wp\/v2\/types\/page"}],"author":[{"embeddable":true,"href":"https:\/\/tonala.gob.mx\/portal\/wp-json\/wp\/v2\/users\/1"}],"replies":[{"embeddable":true,"href":"https:\/\/tonala.gob.mx\/portal\/wp-json\/wp\/v2\/comments?post=116"}],"version-history":[{"count":19,"href":"https:\/\/tonala.gob.mx\/portal\/wp-json\/wp\/v2\/pages\/116\/revisions"}],"predecessor-version":[{"id":14369,"href":"https:\/\/tonala.gob.mx\/portal\/wp-json\/wp\/v2\/pages\/116\/revisions\/14369"}],"wp:attachment":[{"href":"https:\/\/tonala.gob.mx\/portal\/wp-json\/wp\/v2\/media?parent=116"}],"curies":[{"name":"wp","href":"https:\/\/api.w.org\/{rel}","templated":true}]}}