{"id":10150,"date":"2017-03-29T11:29:08","date_gmt":"2017-03-29T17:29:08","guid":{"rendered":"http:\/\/tonala.gob.mx\/portal\/?page_id=10150"},"modified":"2017-03-29T11:52:18","modified_gmt":"2017-03-29T17:52:18","slug":"articulo-71","status":"publish","type":"page","link":"https:\/\/tonala.gob.mx\/portal\/articulo-71\/","title":{"rendered":"Art\u00edculo 71"},"content":{"rendered":"<p><strong>Ley General de Transparencia y Acceso a la Informaci\u00f3n P\u00fablica \u00a0<\/strong>(En Proceso de Actualizaci\u00f3n)<\/p>\n<p>&nbsp;<\/p>\n<p><strong>l. En el caso del Poder Ejecutivo Federal, los poderes ejecutivos de las Entidades Federativas, el \u00d3rgano Ejecutivo del Distrito Federal y los municipios:<\/strong><\/p>\n<p><strong>[expand title=\u00bba) El Plan Nacional de Desarrollo, los planes estatales de desarrollo o el Programa General de Desarrollo del Distrito Federal, seg\u00fan corresponda;\u00bb]<\/strong><\/p>\n<p>[\/expand]<\/p>\n<p><strong>[expand title=\u00bbb) El presupuesto de egresos y las f\u00f3rmulas de distribuci\u00f3n de los recursos otorgados;\u00bb]<\/strong><\/p>\n<p>[\/expand]<\/p>\n<p><strong>[expand title=\u00bbc) El listado de expropiaciones decretadas y ejecutadas que incluya, cuando menos, la fecha de expropiaci\u00f3n, el domicilio y la causa de utilidad p\u00fablica y las ocupaciones superficiales;\u00bb]<\/strong><\/p>\n<p>[\/expand]<\/p>\n<p><strong>[expand title=\u00bbd) El nombre, denominaci\u00f3n o raz\u00f3n social y clave del registro federal de los contribuyentes a los que se les hubiera cancelado o condonado alg\u00fan cr\u00e9dito fiscal, as\u00ed como los montos respectivos. Asimismo, la informaci\u00f3n estad\u00edstica sobre las exenciones previstas en las disposiciones fiscales;\u00bb]<\/strong><\/p>\n<p>[\/expand]<\/p>\n<p><strong>[expand title=\u00bbe) Los nombres de las personas a quienes se les habilit\u00f3 para ejercer como corredores y notarios p\u00fablicos, as\u00ed como sus datos de contacto, la informaci\u00f3n relacionada con el proceso de otorgamiento de la patente y las sanciones que se les hubieran aplicado;\u00bb]<\/strong><\/p>\n<p>[\/expand]<\/p>\n<p><strong>[expand title=\u00bbf) La informaci\u00f3n detallada que contengan los planes de desarrollo urbano, ordenamiento territorial y ecol\u00f3gico, los tipos y usos de suelo, licencias de uso y construcci\u00f3n otorgadas por los gobiernos municipales, y\u00bb]<\/strong><\/p>\n<p>[\/expand]<\/p>\n<p><strong>[expand title=\u00bbg) Las disposiciones administrativas, directamente o a trav\u00e9s de la autoridad competente, con el plazo de anticipaci\u00f3n que prevean las disposiciones aplicables al sujeto obligado de que se trate, salvo que su difusi\u00f3n pueda comprometer los efectos que se pretenden lograr con la disposici\u00f3n o se trate de situaciones de emergencia, de conformidad con dichas disposiciones.\u00bb]<\/strong><\/p>\n<p>[\/expand]<\/p>\n<p><strong>II. Adicionalmente, en el caso de los municipios:<\/strong><\/p>\n<p><strong>[expand title=\u00bba) El contenido de las gacetas municipales, las cuales deber\u00e1n comprender los resolutivos y acuerdos aprobados por los ayuntamientos, y\u00bb]<\/strong><\/p>\n<p>[\/expand]<\/p>\n<p><strong>[expand title=\u00bbb) Las actas de sesiones de cabildo, los controles de asistencia de los integrantes del Ayuntamiento a las sesiones de cabildo y el sentido de votaci\u00f3n de los miembros del cabildo sobre las iniciativas o acuerdos.\u00bb]<\/strong><\/p>\n<p>[\/expand]<\/p>\n","protected":false},"excerpt":{"rendered":"<p>Ley General de Transparencia y Acceso a la Informaci\u00f3n P\u00fablica \u00a0(En Proceso de Actualizaci\u00f3n) &nbsp; l. En el caso del<\/p>\n","protected":false},"author":1,"featured_media":0,"parent":0,"menu_order":0,"comment_status":"closed","ping_status":"closed","template":"","meta":{"colormag_page_container_layout":"default_layout","colormag_page_sidebar_layout":"default_layout","footnotes":""},"class_list":["post-10150","page","type-page","status-publish","hentry"],"_links":{"self":[{"href":"https:\/\/tonala.gob.mx\/portal\/wp-json\/wp\/v2\/pages\/10150","targetHints":{"allow":["GET"]}}],"collection":[{"href":"https:\/\/tonala.gob.mx\/portal\/wp-json\/wp\/v2\/pages"}],"about":[{"href":"https:\/\/tonala.gob.mx\/portal\/wp-json\/wp\/v2\/types\/page"}],"author":[{"embeddable":true,"href":"https:\/\/tonala.gob.mx\/portal\/wp-json\/wp\/v2\/users\/1"}],"replies":[{"embeddable":true,"href":"https:\/\/tonala.gob.mx\/portal\/wp-json\/wp\/v2\/comments?post=10150"}],"version-history":[{"count":4,"href":"https:\/\/tonala.gob.mx\/portal\/wp-json\/wp\/v2\/pages\/10150\/revisions"}],"predecessor-version":[{"id":10154,"href":"https:\/\/tonala.gob.mx\/portal\/wp-json\/wp\/v2\/pages\/10150\/revisions\/10154"}],"wp:attachment":[{"href":"https:\/\/tonala.gob.mx\/portal\/wp-json\/wp\/v2\/media?parent=10150"}],"curies":[{"name":"wp","href":"https:\/\/api.w.org\/{rel}","templated":true}]}}